{"id":8,"date":"2026-01-12T20:17:18","date_gmt":"2026-01-12T19:17:18","guid":{"rendered":"https:\/\/museumretz.at\/wp\/en\/?page_id=8"},"modified":"2026-01-12T20:53:18","modified_gmt":"2026-01-12T19:53:18","slug":"museum","status":"publish","type":"page","link":"https:\/\/museumretz.at\/en\/museum\/","title":{"rendered":"Museum"},"content":{"rendered":"\n<div class=\"wp-block-columns is-layout-flex wp-container-core-columns-is-layout-28f84493 wp-block-columns-is-layout-flex\">\n<div class=\"wp-block-column is-layout-flow wp-block-column-is-layout-flow\" style=\"flex-basis:66.66%\">\n<h2 class=\"wp-block-heading\">The History of the Museum<\/h2>\n\n\n\n<p>The council board member, Johann Baptist Gei\u00dfler set up a room of the city hall tower (on the 3rd floor with oriel window), the \u201ctown armament room\u201d according to an order from Mayor Vinzenz W\u00fcrth in 1833. Up until then it was in the tower to Nalb (Nalberturm). He described and catalogued the items of the collections, which is seen as the official founding of the museum. He was therefore the founder of the \u201cAntiquity Chamber\u201d, the first&nbsp; museum of local heritage in Lower Austria.<\/p>\n\n\n\n<p>Johann Baptist Gei\u00dfler, born in Brno in 1784, had been the printer in Retz since 1810. He quit this job one year after getting the job in the municipality as \u201ccity scribe\u201d. Gei\u00dfler started the \u201ccommemorative book of the city of Retz\u201d. A well-kept oil picture reminds us&nbsp; of the museum\u2019s founder and the city\u2019s first scribe.<\/p>\n\n\n\n<p>The act of collecting things belongs to the \u201cromantic traits of the Biedermeier style\u201d &nbsp;(Heimatbuch, II. Band , P. 378). Cherished utensils and objects of everyday life were compiled passed down to the future generations.<\/p>\n\n\n\n<p>After Gei\u00dfler\u2019s death the \u201cAntiquity Chamber\u201d was taken care of by Mayor Josef M\u00f6\u00dfmer until 1848. Then it was forgotten. Josef M\u00f6\u00dfmer\u2019s son, Anton M\u00f6\u00dfmer took over the responsibility of the collection in 1874. He introduced a reform and was an active collector.<\/p>\n\n\n\n<p>From 1890 to 1907 Mayor Alois Richter was the museum\u2019s curator. The museum\u2019s stock was set up in four rooms of the newly built post office building (today\u2019s Hauptplatz 13). Richter expanded the collection through archaeological finds. Alois Richter was a well-known numismatist, his extensive coin and medal collection is now in the city archive.<\/p>\n\n\n\n<p>From 1907 to 1934 the museum was taken care of Mayor Karl M\u00f6\u00dfmer.&nbsp; He founded the department of the folk culture and extended the prehistorical department with the help of the teacher, Alexander Sackl. He also developed an extensive collection of keepsakes from World War I. It was expanded by objects from the museum of military history and was known as the \u201cwar museum\u201d.&nbsp; It was situated in the burgher\u2019s room of the city hall in the interwar period.<\/p>\n\n\n\n<p>Von 1925 to 1942 the museum\u2019s agenda was taken care of by Lecturer Prof. Rudolf Resch, the author of the Retzer Heimatbuch, the local history book. He made an effort to order and &nbsp;to make a speciation of the geological and prehistorical objects. He brought the importance of the city collections out into the public through many publications.<\/p>\n\n\n\n<p>After Prof. Rudolf Resch death his nephew, the teacher, Anton Resch, took over the museum.&nbsp; \u201cThe Nazi-period caused chaos in the museum. The display rooms in the post office building&nbsp; were changed into <em>rooms for the military followers of Hitler<\/em><strong>, <\/strong>the &nbsp;wonderful show cases were ruined and the museum items were stored in the old Sparkasse. There they started to set it up again, but because of the war it remained unfinished. As the front came nearer some local patriots got together and saved the objects they thought most valuable.<\/p>\n\n\n\n<p>The precautionary measures alone proved unnecessary. Even the objects that were not hidden remained untouched.\u201d (Anton Resch, at the new opening of the oldest museum of local history in Lower Austria. Wochenblatt f\u00fcr das Viertel unter dem Manhartsberg, Nr. 44, 1.11.1947)<\/p>\n\n\n\n<p>Anton Resch and the head of the cultural studies department of the Lower Austrian State Museum, Dr. Rupert Feuchtm\u00fcller, ordered the objects of the museum again after the end of the war, the museum was set up again in the burgher\u2019s room of the city hall. In 1948 the local history collection and the prehistorical collection were set up in the B\u00fcrgerspital.<\/p>\n\n\n\n<h2 class=\"wp-block-heading\"><strong>The B\u00fcrgerspital<\/strong><\/h2>\n\n\n\n<p>The B\u00fcrgerspital, originally known as the \u201chospital for the chronically sick ones\u201d a trust of the Count of Hardegg, was&nbsp; first founded by the church before 1279. In 1467 they built a new chapel in the late gothic style within the city walls near the Znojmo Gate. Trusts and legacies like the hospital building, the chapel, the cemetery, the adjoining buildings, fields, meadows, forests and vineyards increased the wealth of the hospital.<\/p>\n\n\n\n<p>The chapel was remodeled in baroque style after the Thirty Year War. In the process of the church reforms it was closed by Emperor Josef II in 1798. Afterwards the building was used as a theater room, a bank, city council rooms and a school. Scribe apartments, a military hospital, a prison, an archive and a city council office were occasionally situated in the adjoining buildings. The collections of the museum of local history have been set up in the B\u00fcrgerspital since 1948.<\/p>\n\n\n\n<p>The building complex also has an eventful&nbsp; history which reached its new peak in the restoration of 2003\/2004. The trust of the B\u00fcrgerspital still exists today. Needy members of the city are still being helped with the earnings from the rest of the property of 53 hectares of vineyards, forests and fields.<\/p>\n\n\n\n<h2 class=\"wp-block-heading\">The Building of the B\u00fcrgerspital<\/h2>\n\n\n\n<p>Count Michael von Maydburg had the hospital church and building rebuilt in the style of late gothic in 1467. <em>The chapel, whose patrons were the holy John, the Baptist and John, the Evangelist, had a high altar and two side altars (consecrated to John, the Baptist, John, the Evangelist and Elizabeth). <\/em>The hospital cemetery was located beside <em>the church to<\/em> the Znojmo &nbsp;Gate until 1559. The restoration of the church arch and its restyling in the baroque (bell, new window, vestry, church stalls, the wooden church tower with shingles, the ORGELPOSITIV and the organ) took place after the misery of the Thirty Year War. Every Saturday there were church services for the people of the hospital. Public services were held on St. John\u2019s day and St. Elizabeth\u2019s day.<\/p>\n\n\n\n<p>After the closing of the chapel and the selling of the furniture and fixings the chapel was used as a theater room, a bank and a meeting room of the municipality.<\/p>\n\n\n\n<p>From 1732 to 1875 there was a city school in the building of the B\u00fcrgerspital.&nbsp; Parts of the building were used occasionally as apartments for the city scribes or schoolmasters, a military hospital, <em>a prison<\/em> or an archive.<\/p>\n\n\n\n<p>From 1752 to 1840 the city council office were here. In 1948 the collections of the city museum of local history were set up here.<\/p>\n<\/div>\n\n\n\n<div class=\"wp-block-column is-layout-flow wp-block-column-is-layout-flow\" style=\"flex-basis:33.33%\">\n<figure data-wp-context=\"{&quot;imageId&quot;:&quot;6a04609d8bff4&quot;}\" data-wp-interactive=\"core\/image\" data-wp-key=\"6a04609d8bff4\" class=\"wp-block-image wp-lightbox-container\"><img decoding=\"async\" data-wp-class--hide=\"state.isContentHidden\" data-wp-class--show=\"state.isContentVisible\" data-wp-init=\"callbacks.setButtonStyles\" data-wp-on--click=\"actions.showLightbox\" data-wp-on--load=\"callbacks.setButtonStyles\" data-wp-on-window--resize=\"callbacks.setButtonStyles\" src=\"http:\/\/museumretz.at\/wp\/wp-content\/uploads\/2026\/01\/Geissler2_HP-878x1024.jpg\" alt=\"\" class=\"wp-image-41\"\/><button\n\t\t\tclass=\"lightbox-trigger\"\n\t\t\ttype=\"button\"\n\t\t\taria-haspopup=\"dialog\"\n\t\t\taria-label=\"Enlarge\"\n\t\t\tdata-wp-init=\"callbacks.initTriggerButton\"\n\t\t\tdata-wp-on--click=\"actions.showLightbox\"\n\t\t\tdata-wp-style--right=\"state.imageButtonRight\"\n\t\t\tdata-wp-style--top=\"state.imageButtonTop\"\n\t\t>\n\t\t\t<svg xmlns=\"http:\/\/www.w3.org\/2000\/svg\" width=\"12\" height=\"12\" fill=\"none\" viewBox=\"0 0 12 12\">\n\t\t\t\t<path fill=\"#fff\" d=\"M2 0a2 2 0 0 0-2 2v2h1.5V2a.5.5 0 0 1 .5-.5h2V0H2Zm2 10.5H2a.5.5 0 0 1-.5-.5V8H0v2a2 2 0 0 0 2 2h2v-1.5ZM8 12v-1.5h2a.5.5 0 0 0 .5-.5V8H12v2a2 2 0 0 1-2 2H8Zm2-12a2 2 0 0 1 2 2v2h-1.5V2a.5.5 0 0 0-.5-.5H8V0h2Z\" \/>\n\t\t\t<\/svg>\n\t\t<\/button><figcaption class=\"wp-element-caption\">Johann Baptist Gei\u00dfler, 1784 -1844<\/figcaption><\/figure>\n\n\n\n<figure data-wp-context=\"{&quot;imageId&quot;:&quot;6a04609d8c96d&quot;}\" data-wp-interactive=\"core\/image\" data-wp-key=\"6a04609d8c96d\" class=\"wp-block-image wp-lightbox-container\"><img decoding=\"async\" data-wp-class--hide=\"state.isContentHidden\" data-wp-class--show=\"state.isContentVisible\" data-wp-init=\"callbacks.setButtonStyles\" data-wp-on--click=\"actions.showLightbox\" data-wp-on--load=\"callbacks.setButtonStyles\" data-wp-on-window--resize=\"callbacks.setButtonStyles\" src=\"https:\/\/museumretz.at\/wp\/wp-content\/uploads\/2026\/01\/Schatzkaestchen_HP-800x1024.jpg\" alt=\"\" class=\"wp-image-100\"\/><button\n\t\t\tclass=\"lightbox-trigger\"\n\t\t\ttype=\"button\"\n\t\t\taria-haspopup=\"dialog\"\n\t\t\taria-label=\"Enlarge\"\n\t\t\tdata-wp-init=\"callbacks.initTriggerButton\"\n\t\t\tdata-wp-on--click=\"actions.showLightbox\"\n\t\t\tdata-wp-style--right=\"state.imageButtonRight\"\n\t\t\tdata-wp-style--top=\"state.imageButtonTop\"\n\t\t>\n\t\t\t<svg xmlns=\"http:\/\/www.w3.org\/2000\/svg\" width=\"12\" height=\"12\" fill=\"none\" viewBox=\"0 0 12 12\">\n\t\t\t\t<path fill=\"#fff\" d=\"M2 0a2 2 0 0 0-2 2v2h1.5V2a.5.5 0 0 1 .5-.5h2V0H2Zm2 10.5H2a.5.5 0 0 1-.5-.5V8H0v2a2 2 0 0 0 2 2h2v-1.5ZM8 12v-1.5h2a.5.5 0 0 0 .5-.5V8H12v2a2 2 0 0 1-2 2H8Zm2-12a2 2 0 0 1 2 2v2h-1.5V2a.5.5 0 0 0-.5-.5H8V0h2Z\" \/>\n\t\t\t<\/svg>\n\t\t<\/button><figcaption class=\"wp-element-caption\">\u201eSchatzk\u00e4stchen\u201c, title page<\/figcaption><\/figure>\n\n\n\n<figure data-wp-context=\"{&quot;imageId&quot;:&quot;6a04609d8d02f&quot;}\" data-wp-interactive=\"core\/image\" data-wp-key=\"6a04609d8d02f\" class=\"wp-block-image wp-lightbox-container\"><img decoding=\"async\" data-wp-class--hide=\"state.isContentHidden\" data-wp-class--show=\"state.isContentVisible\" data-wp-init=\"callbacks.setButtonStyles\" data-wp-on--click=\"actions.showLightbox\" data-wp-on--load=\"callbacks.setButtonStyles\" data-wp-on-window--resize=\"callbacks.setButtonStyles\" src=\"https:\/\/museumretz.at\/wp\/wp-content\/uploads\/2026\/01\/Alois-Richter_HP.jpg\" alt=\"\" class=\"wp-image-101\"\/><button\n\t\t\tclass=\"lightbox-trigger\"\n\t\t\ttype=\"button\"\n\t\t\taria-haspopup=\"dialog\"\n\t\t\taria-label=\"Enlarge\"\n\t\t\tdata-wp-init=\"callbacks.initTriggerButton\"\n\t\t\tdata-wp-on--click=\"actions.showLightbox\"\n\t\t\tdata-wp-style--right=\"state.imageButtonRight\"\n\t\t\tdata-wp-style--top=\"state.imageButtonTop\"\n\t\t>\n\t\t\t<svg xmlns=\"http:\/\/www.w3.org\/2000\/svg\" width=\"12\" height=\"12\" fill=\"none\" viewBox=\"0 0 12 12\">\n\t\t\t\t<path fill=\"#fff\" d=\"M2 0a2 2 0 0 0-2 2v2h1.5V2a.5.5 0 0 1 .5-.5h2V0H2Zm2 10.5H2a.5.5 0 0 1-.5-.5V8H0v2a2 2 0 0 0 2 2h2v-1.5ZM8 12v-1.5h2a.5.5 0 0 0 .5-.5V8H12v2a2 2 0 0 1-2 2H8Zm2-12a2 2 0 0 1 2 2v2h-1.5V2a.5.5 0 0 0-.5-.5H8V0h2Z\" \/>\n\t\t\t<\/svg>\n\t\t<\/button><figcaption class=\"wp-element-caption\">Alois Richter<\/figcaption><\/figure>\n\n\n\n<figure data-wp-context=\"{&quot;imageId&quot;:&quot;6a04609d8d9c9&quot;}\" data-wp-interactive=\"core\/image\" data-wp-key=\"6a04609d8d9c9\" class=\"wp-block-image wp-lightbox-container\"><img decoding=\"async\" data-wp-class--hide=\"state.isContentHidden\" data-wp-class--show=\"state.isContentVisible\" data-wp-init=\"callbacks.setButtonStyles\" data-wp-on--click=\"actions.showLightbox\" data-wp-on--load=\"callbacks.setButtonStyles\" data-wp-on-window--resize=\"callbacks.setButtonStyles\" src=\"https:\/\/museumretz.at\/wp\/wp-content\/uploads\/2026\/01\/Buergerspital_alt_HP-1024x678.jpg\" alt=\"\" class=\"wp-image-105\"\/><button\n\t\t\tclass=\"lightbox-trigger\"\n\t\t\ttype=\"button\"\n\t\t\taria-haspopup=\"dialog\"\n\t\t\taria-label=\"Enlarge\"\n\t\t\tdata-wp-init=\"callbacks.initTriggerButton\"\n\t\t\tdata-wp-on--click=\"actions.showLightbox\"\n\t\t\tdata-wp-style--right=\"state.imageButtonRight\"\n\t\t\tdata-wp-style--top=\"state.imageButtonTop\"\n\t\t>\n\t\t\t<svg xmlns=\"http:\/\/www.w3.org\/2000\/svg\" width=\"12\" height=\"12\" fill=\"none\" viewBox=\"0 0 12 12\">\n\t\t\t\t<path fill=\"#fff\" d=\"M2 0a2 2 0 0 0-2 2v2h1.5V2a.5.5 0 0 1 .5-.5h2V0H2Zm2 10.5H2a.5.5 0 0 1-.5-.5V8H0v2a2 2 0 0 0 2 2h2v-1.5ZM8 12v-1.5h2a.5.5 0 0 0 .5-.5V8H12v2a2 2 0 0 1-2 2H8Zm2-12a2 2 0 0 1 2 2v2h-1.5V2a.5.5 0 0 0-.5-.5H8V0h2Z\" \/>\n\t\t\t<\/svg>\n\t\t<\/button><figcaption class=\"wp-element-caption\">B\u00fcrgerspital, historical view, glass picture<\/figcaption><\/figure>\n<\/div>\n<\/div>\n","protected":false},"excerpt":{"rendered":"<p>The History of the Museum The council board member, Johann Baptist Gei\u00dfler set up a room of the city hall tower (on the 3rd floor with oriel window), the \u201ctown armament room\u201d according to an order from Mayor Vinzenz W\u00fcrth in 1833. Up until then it was in the tower to Nalb (Nalberturm). He described [&hellip;]<\/p>\n","protected":false},"author":1,"featured_media":0,"parent":0,"menu_order":0,"comment_status":"closed","ping_status":"closed","template":"","meta":{"footnotes":""},"class_list":["post-8","page","type-page","status-publish","hentry"],"_links":{"self":[{"href":"https:\/\/museumretz.at\/en\/wp-json\/wp\/v2\/pages\/8","targetHints":{"allow":["GET"]}}],"collection":[{"href":"https:\/\/museumretz.at\/en\/wp-json\/wp\/v2\/pages"}],"about":[{"href":"https:\/\/museumretz.at\/en\/wp-json\/wp\/v2\/types\/page"}],"author":[{"embeddable":true,"href":"https:\/\/museumretz.at\/en\/wp-json\/wp\/v2\/users\/1"}],"replies":[{"embeddable":true,"href":"https:\/\/museumretz.at\/en\/wp-json\/wp\/v2\/comments?post=8"}],"version-history":[{"count":2,"href":"https:\/\/museumretz.at\/en\/wp-json\/wp\/v2\/pages\/8\/revisions"}],"predecessor-version":[{"id":16,"href":"https:\/\/museumretz.at\/en\/wp-json\/wp\/v2\/pages\/8\/revisions\/16"}],"wp:attachment":[{"href":"https:\/\/museumretz.at\/en\/wp-json\/wp\/v2\/media?parent=8"}],"curies":[{"name":"wp","href":"https:\/\/api.w.org\/{rel}","templated":true}]}}