{"id":47,"date":"2026-01-31T19:09:26","date_gmt":"2026-01-31T18:09:26","guid":{"rendered":"https:\/\/museumretz.at\/wp\/cz\/?page_id=47"},"modified":"2026-02-09T21:45:18","modified_gmt":"2026-02-09T20:45:18","slug":"muzejni-spolek","status":"publish","type":"page","link":"https:\/\/museumretz.at\/cz\/muzejni-spolek\/","title":{"rendered":"Muzejn\u00ed spolek"},"content":{"rendered":"\n<p>\u201eSpolek p\u0159\u00e1tel muzea Retz\u201c (\u010d\u00edslo ZVR: 451905015) byl zalo\u017een v roce 2004 sou\u010dasn\u011b s rekonstrukc\u00ed a reorganizac\u00ed muzea. Spolek svou dobrovolnou prac\u00ed zaji\u0161\u0165uje otev\u00edrac\u00ed dobu muzea, po\u0159\u00e1d\u00e1 akce a star\u00e1 se o b\u011b\u017en\u00fd provoz muzea.<\/p>\n\n\n\n<figure class=\"wp-block-table is-style-stripes\"><table class=\"has-fixed-layout\"><tbody><tr><td>P\u0159edseda:<\/td><td>DI Wolfgang Hofbauer<\/td><\/tr><tr><td>Z\u00e1stupce p\u0159edseda:<\/td><td>HR Mag. Johannes Kranner<\/td><\/tr><tr><td>Pokladn\u00edk:<\/td><td>Mag. Karl Matousek<\/td><\/tr><tr><td>Z\u00e1stupce pokladn\u00edka:<\/td><td>Lukas J. Kerbler, BA MA<\/td><\/tr><tr><td>Tajemn\u00edka:<\/td><td>Ernestine Schechtner<\/td><\/tr><tr><td>Z\u00e1stupce tajemn\u00edk:<\/td><td>Mag. Stefan Neubauer, BA<\/td><\/tr><tr><td>Kooptovan\u00fd \u010dlen p\u0159edstavenstva:<\/td><td>Mag. Helene Schrolmberger<\/td><\/tr><tr><td>&nbsp;<\/td><td>&nbsp;<\/td><\/tr><tr><td>Odborn\u00fd poradn\u00ed sbor:<\/td><td>Dr. Thomas Dammelhart (archiv\u00e1\u0159 m\u011bsta)<\/td><\/tr><tr><td>Odborn\u00fd poradn\u00ed sbor:<\/td><td>Mag. Beate Zelni\u010dek<\/td><\/tr><tr><td>Odborn\u00fd poradn\u00ed sbor:<\/td><td>Yvonne Burger, MA<\/td><\/tr><tr><td>Odborn\u00fd poradn\u00ed sbor:<\/td><td>Franz Kerbler<\/td><\/tr><tr><td>Odborn\u00fd poradn\u00ed sbor:<\/td><td>Mag. Monika Rotter le Beau<\/td><\/tr><tr><td>Odborn\u00fd poradn\u00ed sbor:&nbsp; &nbsp; &nbsp; &nbsp; &nbsp; &nbsp; &nbsp; &nbsp; &nbsp; &nbsp; &nbsp; &nbsp;&nbsp;<\/td><td>ao. Univ.-Prof. i.R.&nbsp; Dr. Claudia R\u00f6mer<\/td><\/tr><tr><td>Odborn\u00fd poradn\u00ed sbor:&nbsp; &nbsp; &nbsp; &nbsp; &nbsp; &nbsp; &nbsp; &nbsp; &nbsp; &nbsp; &nbsp; &nbsp; &nbsp;<\/td><td>Mag. Monika Winter, MA&nbsp; BA<\/td><\/tr><tr><td>&nbsp;<\/td><td>&nbsp;<\/td><\/tr><tr><td>Audito\u0159i:<\/td><td>Ludwig Nendwich<\/td><\/tr><tr><td>Audito\u0159i:<\/td><td>Mag. Walther Schnopfhagen<\/td><\/tr><\/tbody><\/table><\/figure>\n\n\n\n<p>Sdru\u017een\u00ed m\u00e1 v sou\u010dasn\u00e9 dob\u011b kolem 100 \u010dlen\u016f.<\/p>\n\n\n\n<p>Ro\u010dn\u00ed \u010dlensk\u00fd poplatek je \u20ac 15,00.<\/p>\n\n\n\n<p>Krom\u011b toho lze zaplatit dobrovoln\u00fd p\u0159\u00edsp\u011bvek ve v\u00fd\u0161i 50,00 EUR.<\/p>\n\n\n\n<p><a href=\"https:\/\/museumretz-at.translate.goog\/sites\/default\/files\/Leitbild.pdf?_x_tr_sl=auto&amp;_x_tr_tl=de&amp;_x_tr_hl=de&amp;_x_tr_pto=wapp\">Posl\u00e1n\u00ed muzea<\/a><\/p>\n\n\n\n<h2 class=\"wp-block-heading\">T\u00fdm muzea neust\u00e1le hled\u00e1 posily<\/h2>\n\n\n\n<p>V\u00edt\u00e1me dobrovoln\u00edky v\u0161ech v\u011bkov\u00fdch kategori\u00ed, kte\u0159\u00ed se zaj\u00edmaj\u00ed o m\u00edstn\u00ed a region\u00e1ln\u00ed historii! Mezi r\u016fznorod\u00e9 oblasti \u010dinnosti pat\u0159\u00ed pokladn\u00ed obsluha v otev\u00edrac\u00ed dob\u011b, kreativn\u00ed pomoc s v\u00fdstavn\u00edm designem, pomoc s organizac\u00ed akc\u00ed, kulturn\u00ed zprost\u0159edkov\u00e1n\u00ed, p\u0159eb\u00edr\u00e1n\u00ed v\u00fdzkumn\u00fdch \u00fakol\u016f, pomoc s dopravou, inventariza\u010dn\u00ed a manu\u00e1ln\u00ed pr\u00e1ce, administrativn\u00ed podpora a mnoho dal\u0161\u00edho.<\/p>\n\n\n\n<p>V p\u0159\u00edpad\u011b z\u00e1jmu n\u00e1s nav\u0161tivte b\u011bhem otev\u00edrac\u00ed doby, zavolejte n\u00e1m rychle (viz informace pro n\u00e1v\u0161t\u011bvn\u00edky) nebo n\u00e1m po\u0161lete neform\u00e1ln\u00ed zpr\u00e1vu na&nbsp;<a href=\"mailto:museum-retz@aon.at?_x_tr_sl=auto&amp;_x_tr_tl=de&amp;_x_tr_hl=de&amp;_x_tr_pto=wapp\">museum-retz@aon.at<\/a>&nbsp;nebo na&nbsp;<a href=\"https:\/\/translate.google.com\/website?sl=auto&amp;tl=de&amp;hl=de&amp;client=webapp&amp;u=http:\/\/www.facebook.com\/museumretz\/\">www.facebook.com\/museumretz\/<\/a>&nbsp;. My se v\u00e1m obratem ozveme!<\/p>\n","protected":false},"excerpt":{"rendered":"<p>\u201eSpolek p\u0159\u00e1tel muzea Retz\u201c (\u010d\u00edslo ZVR: 451905015) byl zalo\u017een v roce 2004 sou\u010dasn\u011b s rekonstrukc\u00ed a reorganizac\u00ed muzea. Spolek svou dobrovolnou prac\u00ed zaji\u0161\u0165uje otev\u00edrac\u00ed dobu muzea, po\u0159\u00e1d\u00e1 akce a star\u00e1 se o b\u011b\u017en\u00fd provoz muzea. P\u0159edseda: DI Wolfgang Hofbauer Z\u00e1stupce p\u0159edseda: HR Mag. Johannes Kranner Pokladn\u00edk: Mag. Karl Matousek Z\u00e1stupce pokladn\u00edka: Lukas J. Kerbler, BA [&hellip;]<\/p>\n","protected":false},"author":1,"featured_media":0,"parent":0,"menu_order":0,"comment_status":"closed","ping_status":"closed","template":"","meta":{"footnotes":""},"class_list":["post-47","page","type-page","status-publish","hentry"],"_links":{"self":[{"href":"https:\/\/museumretz.at\/cz\/wp-json\/wp\/v2\/pages\/47","targetHints":{"allow":["GET"]}}],"collection":[{"href":"https:\/\/museumretz.at\/cz\/wp-json\/wp\/v2\/pages"}],"about":[{"href":"https:\/\/museumretz.at\/cz\/wp-json\/wp\/v2\/types\/page"}],"author":[{"embeddable":true,"href":"https:\/\/museumretz.at\/cz\/wp-json\/wp\/v2\/users\/1"}],"replies":[{"embeddable":true,"href":"https:\/\/museumretz.at\/cz\/wp-json\/wp\/v2\/comments?post=47"}],"version-history":[{"count":28,"href":"https:\/\/museumretz.at\/cz\/wp-json\/wp\/v2\/pages\/47\/revisions"}],"predecessor-version":[{"id":125,"href":"https:\/\/museumretz.at\/cz\/wp-json\/wp\/v2\/pages\/47\/revisions\/125"}],"wp:attachment":[{"href":"https:\/\/museumretz.at\/cz\/wp-json\/wp\/v2\/media?parent=47"}],"curies":[{"name":"wp","href":"https:\/\/api.w.org\/{rel}","templated":true}]}}