{"id":45,"date":"2026-01-31T19:09:00","date_gmt":"2026-01-31T18:09:00","guid":{"rendered":"https:\/\/museumretz.at\/wp\/cz\/?page_id=45"},"modified":"2026-02-03T11:48:36","modified_gmt":"2026-02-03T10:48:36","slug":"projekty","status":"publish","type":"page","link":"https:\/\/museumretz.at\/cz\/projekty\/","title":{"rendered":"Projekty"},"content":{"rendered":"\n<div class=\"wp-block-columns is-layout-flex wp-container-core-columns-is-layout-28f84493 wp-block-columns-is-layout-flex\">\n<div class=\"wp-block-column is-layout-flow wp-block-column-is-layout-flow\" style=\"flex-basis:66.66%\">\n<h2 class=\"wp-block-heading\"><strong>Bonum opus: Premonstr\u00e1ti v Louce (1190-1784)<\/strong><\/h2>\n\n\n\n<p>Jihomoravsk\u00e9 muzeum ve Znojm\u011b jako region\u00e1ln\u00ed muzeum v roce 2020 p\u0159ipom\u00edm\u00e1 v\u00fdznamn\u00e1&nbsp;v\u00fdro\u010d\u00ed &#8211; 900 let od zalo\u017een\u00ed premonstr\u00e1tsk\u00e9ho \u0159\u00e1du a 830 let od zalo\u017een\u00ed kl\u00e1\u0161tera v Louce. Tento \u0159\u00e1d p\u016fsobil a p\u016fsob\u00ed v obou zem\u00edch a byl v\u00fdznamn\u00fdm centrem regionu &#8211; p\u0159\u00edhrani\u010d\u00ed. C\u00edlem projektu je z\u00edsk\u00e1n\u00ed poznatk\u016f, informac\u00ed, soupis dochovan\u00fdch doklad\u016f a dal\u0161\u00edch v\u00fdstup\u016f na obou stran\u00e1ch partner\u016f, kter\u00e9 budou zachyceny na v\u00fdstav\u011b i formou doprovodn\u00e9 publikace.<\/p>\n\n\n\n<p><strong>Partnery projektu jsou<\/strong>Museum Retz &#8211; F\u00f6rderverein&nbsp;a Jihomoravsk\u00e9 muzeum ve Znojm\u011b.<\/p>\n\n\n\n<p>Projekt je realizov\u00e1n z Fondu mal\u00fdch projekt\u016f Rakousko \u2013\u010cesk\u00e1 republika, v r\u00e1mci programu INTERRREG V-A Rakousko \u2013 \u010cesk\u00e1 republika&nbsp;a finan\u010dn\u011b podpo\u0159en&nbsp;z&nbsp;Evropsk\u00e9ho fondu pro region\u00e1ln\u00ed rozvoj.&nbsp;Projekt je realizov\u00e1n v&nbsp;obdob\u00ed 11\/2019&nbsp;\u2013 2\/2021.&nbsp;Max. v\u00fd\u0161e spolufinancov\u00e1n\u00ed projektu je 23.525,87 EUR.&nbsp;<\/p>\n\n\n\n<figure class=\"wp-block-image size-large\"><img loading=\"lazy\" decoding=\"async\" width=\"1024\" height=\"138\" src=\"https:\/\/museumretz.at\/cz\/wp-content\/uploads\/sites\/3\/2026\/02\/opus_bonum_Ausschnitt_Logos-1024x138.jpg\" alt=\"\" class=\"wp-image-85\" srcset=\"https:\/\/museumretz.at\/cz\/wp-content\/uploads\/sites\/3\/2026\/02\/opus_bonum_Ausschnitt_Logos-1024x138.jpg 1024w, https:\/\/museumretz.at\/cz\/wp-content\/uploads\/sites\/3\/2026\/02\/opus_bonum_Ausschnitt_Logos-300x41.jpg 300w, https:\/\/museumretz.at\/cz\/wp-content\/uploads\/sites\/3\/2026\/02\/opus_bonum_Ausschnitt_Logos-768x104.jpg 768w, https:\/\/museumretz.at\/cz\/wp-content\/uploads\/sites\/3\/2026\/02\/opus_bonum_Ausschnitt_Logos-1536x208.jpg 1536w, https:\/\/museumretz.at\/cz\/wp-content\/uploads\/sites\/3\/2026\/02\/opus_bonum_Ausschnitt_Logos.jpg 1754w\" sizes=\"auto, (max-width: 1024px) 100vw, 1024px\" \/><\/figure>\n\n\n\n<h2 class=\"wp-block-heading\"><strong>Tradi\u010dn\u00ed strava v&nbsp;p\u0159\u00edhrani\u010d\u00ed<\/strong><\/h2>\n\n\n\n<p><strong>2014 nov\u00fd p\u0159eshrani\u010dn\u00ed projekt ve spolupr\u00e1ci s Jihomoravsk\u00fdm muzeem Znojmo:<\/strong><\/p>\n\n\n\n<h2 class=\"wp-block-heading\"><strong>Hrady a z\u00e1mky moravsko-rakousk\u00e9ho Podyj\u00ed<\/strong><\/h2>\n\n\n\n<p><strong>Spolupr\u00e1ce na projektu s Jihomoravsk\u00fdm Muzeem Znojmo<\/strong><\/p>\n\n\n\n<p>V r\u00e1mci tohoto p\u0159eshrani\u010dn\u00edho projektu byla vyd\u00e1na bro\u017eura \u201eHrady a z\u00e1mky v Podyj\u00ed\u201c, kter\u00e1 m\u00e1 2 \u010d\u00e1sti \u2013 textovou a obrazovou.<\/p>\n\n\n\n<h2 class=\"wp-block-heading\"><strong>Obnova a sanace depozit\u00e1\u0159\u016f<\/strong><\/h2>\n\n\n\n<p><strong>Projekt 2013 \u2013 2015<\/strong><\/p>\n\n\n\n<p>V r\u00e1mci pilotn\u00edho projektu \u201ePoklady ve v\u00fdkladn\u00edch sk\u0159\u00edn\u00edch \u2013 kvalita muzejn\u00edch sb\u00edrek do pop\u0159ed\u00ed v region\u00e1ln\u00edch muze\u00edch Doln\u00edho Rakouska\u201c, podporovan\u00e9ho odborem Um\u011bn\u00ed a kultury \u00da\u0159adu zemsk\u00e9 vl\u00e1dy Doln\u00edho Rakouska a spolufinancovan\u00e9ho BMUKK byla v roce 2013 zah\u00e1jena sanace a konstruk\u010dn\u00ed zp\u0159\u00edstupn\u011bn\u00ed nov\u00fdch prostor ur\u010den\u00fdch pro depozit\u00e1\u0159e, aby byla zaji\u0161t\u011bna mo\u017enost dlouhodob\u00e9ho odborn\u00e9ho skladov\u00e1n\u00ed. Expon\u00e1ty byly doposud uchov\u00e1v\u00e1ny v r\u016fzn\u00fdch prostor\u00e1ch m\u011bstsk\u00fdch budov, proto bylo velmi slo\u017eit\u00e9 p\u0159ipravit adekv\u00e1tn\u00ed skladovac\u00ed podm\u00ednky. V nov\u00fdch depozit\u00e1\u0159\u00edch budou um\u00edst\u011bny vedle hlavn\u00edch expon\u00e1t\u016f a sb\u00edrek um\u011bleck\u00fdch d\u011bl i rozm\u011brn\u00e9 expon\u00e1ty.<\/p>\n\n\n\n<h2 class=\"wp-block-heading\"><strong>Katalogiza\u010dn\u00ed a inventariza\u010dn\u00ed projekty<\/strong><\/h2>\n\n\n\n<p><strong>Inventarizace prav\u011bk\u00fdch expon\u00e1t\u016f 2013 &#8211; 2015<\/strong><\/p>\n\n\n\n<p>Do projektu, kter\u00fd po\u010d\u00edt\u00e1 i se stavebn\u00edmi \u00fapravami a sanac\u00ed objektu, je zahrnut i z\u00e1m\u011br zabezpe\u010den\u00ed a zdokumentov\u00e1n\u00ed prav\u011bk\u00fdch expon\u00e1t\u016f. Nejprve byla v prvn\u00edm kvart\u00e1le roku 2013 provedena inventarizace a katalogizace \u010d\u00e1sti vystaven\u00fdch prav\u011bk\u00fdch expon\u00e1t\u016f, z\u00e1rove\u0148 bylo zapo\u010dato s jejich inventarizac\u00ed na imdas pro (datab\u00e1ze slou\u017e\u00edc\u00ed k odborn\u00e9 dokumentaci muzejn\u00edch expon\u00e1t\u016f, kter\u00e1 byla vyvinuta v Joanneum Research, Graz) a kter\u00e1 m\u00e1 do budoucna zahrnovat i obs\u00e1hl\u00e9 expon\u00e1ty doposud nevystaven\u00e9.<\/p>\n\n\n\n<p><strong>Inventarizace um\u011blecko-historick\u00fdch expon\u00e1t\u016f 2011 \u2013 2015<\/strong><\/p>\n\n\n\n<p>S inventarizac\u00ed um\u011blecko-historick\u00fdch expon\u00e1t\u016f bylo zapo\u010dato v roce 2011 za finan\u010dn\u00ed podpory Doln\u00edho Rakouska a BMUKK, m\u011bsta Retz a dar\u016f; inventarizace se prov\u00e1d\u00ed na <strong>imdas pro. <\/strong>Tento projekt bude ukon\u010den v roce 2015. Z d\u016fvodu v\u00e1le\u010dn\u00fdch ud\u00e1lost\u00ed doch\u00e1zelo v pr\u016fb\u011bhu posledn\u00edch 180 let ke st\u00e1le v\u011bt\u0161\u00edm nejasnostem s inventarizac\u00ed expon\u00e1t\u016f. V ned\u00e1vn\u00e9 dob\u011b byla alespo\u0148 zaevidov\u00e1na jejich \u010d\u00e1st, nebo\u0165 star\u0161\u00ed inventariza\u010dn\u00ed \u010d\u00edsla na expon\u00e1tech se \u010d\u00e1ste\u010dn\u011b ztratila nebo nejsou \u010diteln\u00e1. D\u00edky inventariza\u010dn\u00edmu projektu, jeho\u017e sou\u010d\u00e1st\u00ed je i sestaven\u00ed datab\u00e1ze expon\u00e1t\u016f, budou v\u0161echny p\u0159edm\u011bty zp\u0159\u00edstupn\u011bny a n\u00e1sledovat bude tak\u00e9 kontrola jejich stavu.<\/p>\n\n\n\n<figure class=\"wp-block-image size-full\"><img loading=\"lazy\" decoding=\"async\" width=\"831\" height=\"167\" src=\"https:\/\/museumretz.at\/cz\/wp-content\/uploads\/sites\/3\/2026\/02\/abteilungslogo2.jpg\" alt=\"\" class=\"wp-image-86\" srcset=\"https:\/\/museumretz.at\/cz\/wp-content\/uploads\/sites\/3\/2026\/02\/abteilungslogo2.jpg 831w, https:\/\/museumretz.at\/cz\/wp-content\/uploads\/sites\/3\/2026\/02\/abteilungslogo2-300x60.jpg 300w, https:\/\/museumretz.at\/cz\/wp-content\/uploads\/sites\/3\/2026\/02\/abteilungslogo2-768x154.jpg 768w\" sizes=\"auto, (max-width: 831px) 100vw, 831px\" \/><\/figure>\n<\/div>\n\n\n\n<div class=\"wp-block-column is-layout-flow wp-block-column-is-layout-flow\" style=\"flex-basis:33.33%\">\n<figure class=\"wp-block-image size-large\"><img decoding=\"async\" src=\"https:\/\/museumretz.at\/wp\/wp-content\/uploads\/2026\/01\/Foto_Depot_klein.jpg\" alt=\"\"\/><figcaption class=\"wp-element-caption\">Projekt sanace skl\u00e1dky (2013\u20132015)<\/figcaption><\/figure>\n<\/div>\n<\/div>\n","protected":false},"excerpt":{"rendered":"<p>Bonum opus: Premonstr\u00e1ti v Louce (1190-1784) Jihomoravsk\u00e9 muzeum ve Znojm\u011b jako region\u00e1ln\u00ed muzeum v roce 2020 p\u0159ipom\u00edm\u00e1 v\u00fdznamn\u00e1&nbsp;v\u00fdro\u010d\u00ed &#8211; 900 let od zalo\u017een\u00ed premonstr\u00e1tsk\u00e9ho \u0159\u00e1du a 830 let od zalo\u017een\u00ed kl\u00e1\u0161tera v Louce. Tento \u0159\u00e1d p\u016fsobil a p\u016fsob\u00ed v obou zem\u00edch a byl v\u00fdznamn\u00fdm centrem regionu &#8211; p\u0159\u00edhrani\u010d\u00ed. C\u00edlem projektu je z\u00edsk\u00e1n\u00ed poznatk\u016f, informac\u00ed, soupis [&hellip;]<\/p>\n","protected":false},"author":1,"featured_media":0,"parent":0,"menu_order":0,"comment_status":"closed","ping_status":"closed","template":"","meta":{"footnotes":""},"class_list":["post-45","page","type-page","status-publish","hentry"],"_links":{"self":[{"href":"https:\/\/museumretz.at\/cz\/wp-json\/wp\/v2\/pages\/45","targetHints":{"allow":["GET"]}}],"collection":[{"href":"https:\/\/museumretz.at\/cz\/wp-json\/wp\/v2\/pages"}],"about":[{"href":"https:\/\/museumretz.at\/cz\/wp-json\/wp\/v2\/types\/page"}],"author":[{"embeddable":true,"href":"https:\/\/museumretz.at\/cz\/wp-json\/wp\/v2\/users\/1"}],"replies":[{"embeddable":true,"href":"https:\/\/museumretz.at\/cz\/wp-json\/wp\/v2\/comments?post=45"}],"version-history":[{"count":3,"href":"https:\/\/museumretz.at\/cz\/wp-json\/wp\/v2\/pages\/45\/revisions"}],"predecessor-version":[{"id":87,"href":"https:\/\/museumretz.at\/cz\/wp-json\/wp\/v2\/pages\/45\/revisions\/87"}],"wp:attachment":[{"href":"https:\/\/museumretz.at\/cz\/wp-json\/wp\/v2\/media?parent=45"}],"curies":[{"name":"wp","href":"https:\/\/api.w.org\/{rel}","templated":true}]}}