{"id":42,"date":"2026-01-31T19:06:56","date_gmt":"2026-01-31T18:06:56","guid":{"rendered":"https:\/\/museumretz.at\/wp\/cz\/?page_id=42"},"modified":"2026-01-31T19:06:56","modified_gmt":"2026-01-31T18:06:56","slug":"sbirky","status":"publish","type":"page","link":"https:\/\/museumretz.at\/cz\/sbirky\/","title":{"rendered":"Sb\u00edrky"},"content":{"rendered":"\n<div class=\"wp-block-columns is-layout-flex wp-container-core-columns-is-layout-28f84493 wp-block-columns-is-layout-flex\">\n<div class=\"wp-block-column is-layout-flow wp-block-column-is-layout-flow\" style=\"flex-basis:66.66%\">\n<h2 class=\"wp-block-heading\"><strong>Um\u011blecko-historick\u00e1 sb\u00edrka<\/strong><\/h2>\n\n\n\n<p>Sb\u00edrky muzea Retz v b\u00fdval\u00e9 budov\u011b m\u011b\u0161\u0165ansk\u00e9ho \u0161pit\u00e1lu zahrnuj\u00ed celou \u0159adu expon\u00e1t\u016f v\u010detn\u011b zbran\u00ed, um\u011bleck\u00fdch p\u0159edm\u011bt\u016f a tak\u00e9 kompletn\u011b za\u0159\u00edzen\u00fd pokoj ve stylu biedermaier v prostor\u00e1ch historick\u00e9 radnice (tzv. Puntschert\u016fv pokoj). Muzeum Retz bylo ofici\u00e1ln\u011b zalo\u017eeno v roce 1833 jako tzv. \u201eAntikenkammer \u2013 Sb\u00edrka staro\u017eitnost\u00ed\u201c po reorganizaci tehdej\u0161\u00ed \u201em\u011bstsk\u00e9 zbrojnice\u201c (\uf0e0 Historie muzea) a pat\u0159\u00ed tak jedn\u011bm z nejstar\u0161\u00edch muzej\u00ed v Rakousku.<\/p>\n\n\n\n<p>Rozs\u00e1hl\u00e9 sb\u00edrky zahrnuj\u00ed p\u0159edm\u011bty m\u011b\u0161\u0165ansk\u00e9ho \u017eivota, za zm\u00ednku stoj\u00ed sb\u00edrka historick\u00fdch zbran\u00ed, sb\u00edrka hudebn\u00edch n\u00e1stroj\u016f (Lisztovo k\u0159\u00eddlo), sb\u00edrka \u010depc\u016f a portr\u00e9t\u016f m\u011b\u0161\u0165an\u016f a jejich chot\u00ed z obdob\u00ed 17. stolet\u00ed.<\/p>\n\n\n\n<p>Expon\u00e1ty jsou za\u0159azeny v lok\u00e1ln\u00edm a region\u00e1ln\u00edm kontextu a zahrnuj\u00ed obdob\u00ed od 16. do 20. stolet\u00ed. Hlavn\u00ed \u010d\u00e1st sb\u00edrky se v\u011bnuje 19. stolet\u00ed.<\/p>\n\n\n\n<p>Okruhy sb\u011bratelsk\u00e9 \u010dinnosti: N\u00e1bytek\/ sochy\/ obrazy\/ lidov\u00e1 zbo\u017enost\/ liturgick\u00e1 roucha \u2013 paramenta a m\u011b\u0159ic\u00ed p\u0159\u00edstroje\/pam\u00e1te\u010dn\u00ed a upom\u00ednkov\u00e9 p\u0159edm\u011bty\/ kroje a kultura stolov\u00e1n\u00ed\/ text\u00edlie a rukod\u011bln\u00e1 tvroba\/ kuchyn\u011b a dom\u00e1cnost\/ medaile a vyznamen\u00e1n\u00ed\/ politika, revoluce, v\u00e1lky\/ zbran\u011b\/ \u0159emesla\/ st\u00e1tn\u00ed spr\u00e1va a instituce<\/p>\n\n\n\n<p>Samostatnou sb\u00edrku (p\u016fvodn\u011b s vlastn\u00ed katalogizac\u00ed) tvo\u0159\u00ed expon\u00e1ty v\u011bnovan\u00e9 prvn\u00ed sv\u011btov\u00e9 v\u00e1lce (od Karla M\u00f6\u00dfmera) a zahrnuj\u00ed cca 1200 p\u0159edm\u011bt\u016f. Z m\u011bn\u0161\u00ed \u010d\u00e1sti je sb\u00edrka tvo\u0159ena zbran\u011bmi, munic\u00ed aj., hlavn\u00ed \u010d\u00e1st zahrnuje obrazy, fotografie, osobn\u00ed z\u00e1pisky, listiny, poln\u00ed dopisy, raz\u00edtka, vzpom\u00ednkov\u00e9 obr\u00e1zky, pohlednice, let\u00e1ky, plak\u00e1ty, refer\u00e1ty, pr\u00e1ce vojensk\u00fdch zajatc\u016f, odznaky, pokr\u00fdvky hlavy, \u010d\u00e1sti uniforem, v\u00fdstavn\u00ed modely, almanachy, losy v\u00e1le\u010dn\u00e9 loterie, skladn\u00e9, ex libris, uzav\u00edrac\u00ed n\u00e1lepky, paragon od dar\u016f, zn\u00e1mky, sb\u011bratelsk\u00e9 krabi\u010dky atd.<\/p>\n\n\n\n<h2 class=\"wp-block-heading\"><strong>Prehistorick\u00e1 sb\u00edrka<\/strong><\/h2>\n\n\n\n<p><strong>Historie archeologick\u00e9 sb\u00edrky v Muzeu Retz<\/strong><\/p>\n\n\n\n<p>Kdo byl prvn\u00edm sb\u011bratelem archeologick\u00fdch expon\u00e1t\u016f, kter\u00e9 se dnes nach\u00e1z\u00ed v Muzeu Retz, dnes ji\u017e patrn\u011b nezjist\u00edme, ale dle \u00fadaj\u016f pana Goldgrubera, kter\u00fd p\u016fsobil od roku 1886 v muzeu, se za jeho \u00e9ry krom\u011b n\u011bkolika mamut\u00edch kostern\u00edch poz\u016fstatk\u016f \u017e\u00e1dn\u00e9 prav\u011bk\u00e9 expon\u00e1ty nenach\u00e1zely. Prvn\u00ed datovan\u00e9 archeologick\u00e9 n\u00e1lezy poch\u00e1z\u00ed z roku 1870 z archeologick\u00e9ho pr\u016fzkumu spojen\u00e9ho s budov\u00e1n\u00edm Severoz\u00e1padn\u00ed \u017eelezni\u010dn\u00ed dr\u00e1hy. A\u010dkoli byly objeven\u00e9 n\u00e1doby a kostern\u00ed poz\u016fstatky po prozkoum\u00e1n\u00ed vr\u00e1ceny do nalezi\u0161\u0165, vyvolal archeologick\u00fd pr\u016fzkum u obyvatel Retzu velk\u00fd z\u00e1jem.<\/p>\n\n\n\n<p>Na podn\u011bt m\u011bstsk\u00e9ho sekret\u00e1\u0159e Puntscherta byla v roce 1872 prozkoum\u00e1n i pov\u011bstmi op\u0159eden\u00e1 hora \u201cGupferte Berg\u201d v obci Unternalb. B\u011bhem archeologick\u00e9ho pr\u016fzkumu v\u0161ak nebylo nalezeno bohat\u00e9 poh\u0159ebn\u00ed m\u00edsto, jak v\u0161ichni o\u010dek\u00e1vali, ale pouze poz\u016fstatky st\u0159edov\u011bk\u00e9ho d\u0159ev\u011bn\u00e9ho opevn\u011bn\u00ed. V are\u00e1lu b\u00fdval\u00e9 cihelny Schwach (jihov\u00fdchodn\u011b od m\u011bsta Retz) prov\u00e1d\u011bl v roce 1889 vykop\u00e1vky mal\u00ed\u0159 a korespondent c.k. centr\u00e1ln\u00ed komise pro ochranu pam\u00e1tek, Ignaz Sp\u00f6ttl. Na tomto nalezi\u0161ti objevil u\u010ditel z\u00e1kladn\u00ed \u0161koly, Hubert Zwirner, z\u00e1sobn\u00ed j\u00e1my a hroby z obdob\u00ed mlad\u0161\u00edho neolitu a hal\u0161tatsk\u00e9ho obdob\u00ed. Z tohoto nejstar\u0161\u00edho zkoum\u00e1n\u00ed se v\u0161ak \u017e\u00e1dn\u00e9 expon\u00e1ty v Muzeu Retz nenach\u00e1z\u00ed, stejn\u011b tak nen\u00ed sou\u010d\u00e1st\u00ed sb\u00edrek muzea ani archeologick\u00e1 sb\u00edrka u\u010ditele Ludwiga Mattuly z obce Unterretzbach, obsahuj\u00edc\u00ed n\u00e1lezy z okol\u00ed Retzu kolem roku 1927, nebo\u0165 byla prod\u00e1na Muzeu Hollabrunn.<\/p>\n\n\n\n<p>Prvn\u00ed archeologick\u00e9 expon\u00e1ty z\u00edskalo Muzeum Retz patrn\u011b v obdob\u00ed 1886 \u2013 1890. Bohu\u017eel k t\u00e9to ud\u00e1losti chyb\u00ed dobov\u00e9 z\u00e1pisy. Kdy\u017e v roce 1890 p\u0159evzal veden\u00ed muzea starosta a obchodn\u00edk, Alois Richter, podporov\u00e1n u\u010ditelem Hubertem Zwirnerem, byly nabyty nebo zap\u016fj\u010deny \u010detn\u00e9 prav\u011bk\u00e9 expon\u00e1ty. Pod veden\u00edm starosty a velkoobchodn\u00edka s v\u00ednem, Karla M\u00f6\u00dfmera (1907\/1913-1934), byly v Muzeu Retz vystaveny dal\u0161\u00ed archeologick\u00e9 n\u00e1lezy a postupn\u011b se rozr\u016fstaj\u00edc\u00ed mno\u017estv\u00ed expon\u00e1t\u016f bylo v roce 1926 zat\u0159\u00edd\u011bno a katalogizov\u00e1no d\u00edky Dr. Leonhardu Franzovi.<\/p>\n\n\n\n<p>V dob\u011b p\u016fsoben\u00ed Alexandera Sackla jako kustoda Muzea Retz (od roku 1934) byly objeveny dal\u0161\u00ed n\u00e1lezi\u0161t\u011b jako nap\u0159\u00edklad zbytky germ\u00e1nsk\u00e9ho os\u00eddlen\u00ed na ho\u0159e Galgenberg nebo stopy os\u00eddlen\u00ed a hroby z mlad\u0161\u00ed doby kamenn\u00e9 v obci Unternalb. V\u00fdzkum prov\u00e1d\u011bn\u00fd z \u010d\u00e1sti doktorem Beningerem a z \u010d\u00e1sti Alexaderem Sackelem zahrnoval i z\u00e1padn\u00ed are\u00e1l b\u00fdval\u00e9 cihelny Schwach. Nejmlad\u0161\u00ed v\u00fdzkumy vych\u00e1z\u00ed z pr\u00e1ce archeologa Huberta Nutze, poch\u00e1zej\u00edc\u00edho z Retzu, kter\u00fd vedl archeologick\u00fd pr\u016fzkum 1988\/89 v are\u00e1lu Althofu a v roce 1990 v karneru retzsk\u00e9ho farn\u00edho kostela.V r\u00e1mci sv\u00e9 diplomov\u00e9 pr\u00e1ce se zab\u00fdval tak\u00e9 prav\u011bk\u00fdmi n\u00e1lezy z \u00fazem\u00ed p\u016fvodn\u00edho Retzsk\u00e9ho mo\u0159e.<\/p>\n\n\n\n<p>Aktu\u00e1ln\u011b jsou archeologick\u00e9 sb\u00edrky v procesu inventarizace, kterou prov\u00e1d\u00ed Lukas J. Kerbler a p\u0159ipravuje pro znovuvystaven\u00ed v r\u00e1mci st\u00e1l\u00e9 expozice<\/p>\n\n\n\n<h2 class=\"wp-block-heading\"><strong>Adopce expon\u00e1t\u016f<\/strong><\/h2>\n\n\n\n<p>Z d\u016fvodu neexistence rozpo\u010dtu pro restauraci sb\u00edrek uv\u00edt\u00e1me don\u00e1tory a mecen\u00e1\u0159e, kte\u0159\u00ed by se cht\u011bli st\u00e1t patrony konkr\u00e9tn\u00edch expon\u00e1t\u016f a p\u0159evzali n\u00e1klady za jejich restaurov\u00e1n\u00ed.<\/p>\n\n\n\n<p>\u017delezn\u00e9 no\u017ee a prsteny z obdob\u00ed hal\u0161tatsk\u00e9ho nalezen\u00e9 v Retzu pot\u0159ebuj\u00ed nutn\u011b zrestaurovat. Archeolog Lukas J. Kerbler, BA a Ludwig Nendwich, kte\u0159\u00ed p\u0159evzali n\u00e1klady restaurov\u00e1n\u00ed t\u011bchto p\u0159edm\u011bt\u016f se t\u011b\u0161\u00ed z poda\u0159en\u00e9ho d\u00edla.<\/p>\n<\/div>\n\n\n\n<div class=\"wp-block-column is-layout-flow wp-block-column-is-layout-flow\" style=\"flex-basis:33.33%\">\n<figure data-wp-context=\"{&quot;imageId&quot;:&quot;69def9b791ce8&quot;}\" data-wp-interactive=\"core\/image\" data-wp-key=\"69def9b791ce8\" class=\"wp-block-image size-large wp-lightbox-container\"><img decoding=\"async\" data-wp-class--hide=\"state.isContentHidden\" data-wp-class--show=\"state.isContentVisible\" data-wp-init=\"callbacks.setButtonStyles\" data-wp-on--click=\"actions.showLightbox\" data-wp-on--load=\"callbacks.setButtonStyles\" data-wp-on-window--resize=\"callbacks.setButtonStyles\" src=\"https:\/\/museumretz.at\/wp\/wp-content\/uploads\/2026\/01\/RM-1186_HP-1024x683.jpg\" alt=\"\" class=\"wp-image-163\"\/><button\n\t\t\tclass=\"lightbox-trigger\"\n\t\t\ttype=\"button\"\n\t\t\taria-haspopup=\"dialog\"\n\t\t\taria-label=\"Zv\u011bt\u0161it\"\n\t\t\tdata-wp-init=\"callbacks.initTriggerButton\"\n\t\t\tdata-wp-on--click=\"actions.showLightbox\"\n\t\t\tdata-wp-style--right=\"state.imageButtonRight\"\n\t\t\tdata-wp-style--top=\"state.imageButtonTop\"\n\t\t>\n\t\t\t<svg xmlns=\"http:\/\/www.w3.org\/2000\/svg\" width=\"12\" height=\"12\" fill=\"none\" viewBox=\"0 0 12 12\">\n\t\t\t\t<path fill=\"#fff\" d=\"M2 0a2 2 0 0 0-2 2v2h1.5V2a.5.5 0 0 1 .5-.5h2V0H2Zm2 10.5H2a.5.5 0 0 1-.5-.5V8H0v2a2 2 0 0 0 2 2h2v-1.5ZM8 12v-1.5h2a.5.5 0 0 0 .5-.5V8H12v2a2 2 0 0 1-2 2H8Zm2-12a2 2 0 0 1 2 2v2h-1.5V2a.5.5 0 0 0-.5-.5H8V0h2Z\" \/>\n\t\t\t<\/svg>\n\t\t<\/button><figcaption class=\"wp-element-caption\">K\u0159esadlo na kamenn\u00fd k\u00e1men, 18. stolet\u00ed<\/figcaption><\/figure>\n\n\n\n<figure data-wp-context=\"{&quot;imageId&quot;:&quot;69def9b792243&quot;}\" data-wp-interactive=\"core\/image\" data-wp-key=\"69def9b792243\" class=\"wp-block-image size-large wp-lightbox-container\"><img decoding=\"async\" data-wp-class--hide=\"state.isContentHidden\" data-wp-class--show=\"state.isContentVisible\" data-wp-init=\"callbacks.setButtonStyles\" data-wp-on--click=\"actions.showLightbox\" data-wp-on--load=\"callbacks.setButtonStyles\" data-wp-on-window--resize=\"callbacks.setButtonStyles\" src=\"https:\/\/museumretz.at\/wp\/wp-content\/uploads\/2026\/01\/RM-2491_HP-1024x683.jpg\" alt=\"\" class=\"wp-image-164\"\/><button\n\t\t\tclass=\"lightbox-trigger\"\n\t\t\ttype=\"button\"\n\t\t\taria-haspopup=\"dialog\"\n\t\t\taria-label=\"Zv\u011bt\u0161it\"\n\t\t\tdata-wp-init=\"callbacks.initTriggerButton\"\n\t\t\tdata-wp-on--click=\"actions.showLightbox\"\n\t\t\tdata-wp-style--right=\"state.imageButtonRight\"\n\t\t\tdata-wp-style--top=\"state.imageButtonTop\"\n\t\t>\n\t\t\t<svg xmlns=\"http:\/\/www.w3.org\/2000\/svg\" width=\"12\" height=\"12\" fill=\"none\" viewBox=\"0 0 12 12\">\n\t\t\t\t<path fill=\"#fff\" d=\"M2 0a2 2 0 0 0-2 2v2h1.5V2a.5.5 0 0 1 .5-.5h2V0H2Zm2 10.5H2a.5.5 0 0 1-.5-.5V8H0v2a2 2 0 0 0 2 2h2v-1.5ZM8 12v-1.5h2a.5.5 0 0 0 .5-.5V8H12v2a2 2 0 0 1-2 2H8Zm2-12a2 2 0 0 1 2 2v2h-1.5V2a.5.5 0 0 0-.5-.5H8V0h2Z\" \/>\n\t\t\t<\/svg>\n\t\t<\/button><figcaption class=\"wp-element-caption\">v\u011bj\u00ed\u0159<\/figcaption><\/figure>\n\n\n\n<figure data-wp-context=\"{&quot;imageId&quot;:&quot;69def9b7926c3&quot;}\" data-wp-interactive=\"core\/image\" data-wp-key=\"69def9b7926c3\" class=\"wp-block-image size-large wp-lightbox-container\"><img decoding=\"async\" data-wp-class--hide=\"state.isContentHidden\" data-wp-class--show=\"state.isContentVisible\" data-wp-init=\"callbacks.setButtonStyles\" data-wp-on--click=\"actions.showLightbox\" data-wp-on--load=\"callbacks.setButtonStyles\" data-wp-on-window--resize=\"callbacks.setButtonStyles\" src=\"https:\/\/museumretz.at\/wp\/wp-content\/uploads\/2026\/01\/RM-2494_HP-1024x683.jpg\" alt=\"\" class=\"wp-image-165\"\/><button\n\t\t\tclass=\"lightbox-trigger\"\n\t\t\ttype=\"button\"\n\t\t\taria-haspopup=\"dialog\"\n\t\t\taria-label=\"Zv\u011bt\u0161it\"\n\t\t\tdata-wp-init=\"callbacks.initTriggerButton\"\n\t\t\tdata-wp-on--click=\"actions.showLightbox\"\n\t\t\tdata-wp-style--right=\"state.imageButtonRight\"\n\t\t\tdata-wp-style--top=\"state.imageButtonTop\"\n\t\t>\n\t\t\t<svg xmlns=\"http:\/\/www.w3.org\/2000\/svg\" width=\"12\" height=\"12\" fill=\"none\" viewBox=\"0 0 12 12\">\n\t\t\t\t<path fill=\"#fff\" d=\"M2 0a2 2 0 0 0-2 2v2h1.5V2a.5.5 0 0 1 .5-.5h2V0H2Zm2 10.5H2a.5.5 0 0 1-.5-.5V8H0v2a2 2 0 0 0 2 2h2v-1.5ZM8 12v-1.5h2a.5.5 0 0 0 .5-.5V8H12v2a2 2 0 0 1-2 2H8Zm2-12a2 2 0 0 1 2 2v2h-1.5V2a.5.5 0 0 0-.5-.5H8V0h2Z\" \/>\n\t\t\t<\/svg>\n\t\t<\/button><figcaption class=\"wp-element-caption\">medailon<\/figcaption><\/figure>\n<\/div>\n<\/div>\n","protected":false},"excerpt":{"rendered":"<p>Um\u011blecko-historick\u00e1 sb\u00edrka Sb\u00edrky muzea Retz v b\u00fdval\u00e9 budov\u011b m\u011b\u0161\u0165ansk\u00e9ho \u0161pit\u00e1lu zahrnuj\u00ed celou \u0159adu expon\u00e1t\u016f v\u010detn\u011b zbran\u00ed, um\u011bleck\u00fdch p\u0159edm\u011bt\u016f a tak\u00e9 kompletn\u011b za\u0159\u00edzen\u00fd pokoj ve stylu biedermaier v prostor\u00e1ch historick\u00e9 radnice (tzv. Puntschert\u016fv pokoj). Muzeum Retz bylo ofici\u00e1ln\u011b zalo\u017eeno v roce 1833 jako tzv. \u201eAntikenkammer \u2013 Sb\u00edrka staro\u017eitnost\u00ed\u201c po reorganizaci tehdej\u0161\u00ed \u201em\u011bstsk\u00e9 zbrojnice\u201c (\uf0e0 Historie muzea) [&hellip;]<\/p>\n","protected":false},"author":1,"featured_media":0,"parent":0,"menu_order":0,"comment_status":"closed","ping_status":"closed","template":"","meta":{"footnotes":""},"class_list":["post-42","page","type-page","status-publish","hentry"],"_links":{"self":[{"href":"https:\/\/museumretz.at\/cz\/wp-json\/wp\/v2\/pages\/42","targetHints":{"allow":["GET"]}}],"collection":[{"href":"https:\/\/museumretz.at\/cz\/wp-json\/wp\/v2\/pages"}],"about":[{"href":"https:\/\/museumretz.at\/cz\/wp-json\/wp\/v2\/types\/page"}],"author":[{"embeddable":true,"href":"https:\/\/museumretz.at\/cz\/wp-json\/wp\/v2\/users\/1"}],"replies":[{"embeddable":true,"href":"https:\/\/museumretz.at\/cz\/wp-json\/wp\/v2\/comments?post=42"}],"version-history":[{"count":1,"href":"https:\/\/museumretz.at\/cz\/wp-json\/wp\/v2\/pages\/42\/revisions"}],"predecessor-version":[{"id":43,"href":"https:\/\/museumretz.at\/cz\/wp-json\/wp\/v2\/pages\/42\/revisions\/43"}],"wp:attachment":[{"href":"https:\/\/museumretz.at\/cz\/wp-json\/wp\/v2\/media?parent=42"}],"curies":[{"name":"wp","href":"https:\/\/api.w.org\/{rel}","templated":true}]}}