{"id":36,"date":"2026-01-31T17:17:38","date_gmt":"2026-01-31T16:17:38","guid":{"rendered":"https:\/\/museumretz.at\/wp\/cz\/?page_id=36"},"modified":"2026-01-31T17:18:57","modified_gmt":"2026-01-31T16:18:57","slug":"expozice","status":"publish","type":"page","link":"https:\/\/museumretz.at\/cz\/expozice\/","title":{"rendered":"Expozice"},"content":{"rendered":"\n<div class=\"wp-block-columns is-layout-flex wp-container-core-columns-is-layout-28f84493 wp-block-columns-is-layout-flex\">\n<div class=\"wp-block-column is-layout-flow wp-block-column-is-layout-flow\" style=\"flex-basis:66.66%\">\n<h2 class=\"wp-block-heading\"><strong>M\u011bstsk\u00e9 sb\u00edrky<\/strong><\/h2>\n\n\n\n<p>V b\u00fdval\u00e9 budov\u011b \u0161pit\u00e1ln\u00edho kostela se nach\u00e1z\u00ed \u010d\u00e1st rozs\u00e1hl\u00e9 sb\u00edrky v\u011bnuj\u00edc\u00ed se m\u011b\u0161\u0165ansk\u00e9 kultu\u0159e Retzu v 19. stol. Vystaveny jsou hodinky, zlat\u00fd \u010depec, v\u011bj\u00ed\u0159e, \u010d\u00e1sti oble\u010den\u00ed, rukod\u011bln\u00e1 tvorba, n\u00e1dob\u00ed (mezi jin\u00fdmi produkce z Vranova nad Dyj\u00ed), sklo z obdob\u00ed biedermeieru, kolorovan\u00e9 hrac\u00ed karty od Jeron\u00fdma L\u00f6schenkohla z roku 1800, r\u016fzn\u00e9 pohledy na m\u011bsto a portr\u00e9ty m\u011b\u0161\u0165an\u016f a jejich chot\u00ed.<\/p>\n\n\n\n<p>Mimo\u0159\u00e1dn\u00e1 pozornost t\u00e9to expozice je v\u011bnov\u00e1na sb\u00edrce hudebn\u00edch n\u00e1stroj\u016f, kter\u00e1 odkazuje na hudebn\u00ed \u017eivot&nbsp; obyvatel Retzu v obdob\u00ed 19. stol. Jedn\u00edm z nejzaj\u00edmav\u011bj\u0161\u00edch expon\u00e1t\u016f je klav\u00edrn\u00ed k\u0159\u00eddlo zvan\u00e9 \u201eLisztovo k\u0159\u00eddlo\u201c, kter\u00e9 pat\u0159ilo retzsk\u00e9 pianistce a \u017ea\u010dce Ference Liszta, Antonii Raab, a kter\u00e9 v\u017edy zauj\u00edm\u00e1 \u010destn\u00e9 m\u00edsto v programu koncert\u016f konan\u00fdch v muzeu.<\/p>\n\n\n\n<p>V p\u0159ilehl\u00fdch m\u00edstnostech se nach\u00e1z\u00ed p\u0159ev\u00e1\u017en\u011b chronologicky se\u0159azen\u00e1 v\u00fdstava p\u0159edm\u011bt\u016f z r\u016fznorod\u00fdch d\u011bjinn\u00fdch etap m\u011bsta Retz po\u010d\u00ednaje prav\u011bkem. K vid\u011bn\u00ed jsou zde: zbran\u011b, listiny, pl\u00e1ny, \u010d\u00e1sti uniforem a v\u00fdzbroje, \u010detn\u00e9 knihy a rukopisy. Pozornost n\u00e1v\u0161t\u011bvn\u00edk\u016f si zaslou\u017e\u00ed jedine\u010dn\u00fd model m\u011bsta Retz, kter\u00fd ho zobrazuje kolem roku 1740 (vyroben 1970), a model v\u011btrn\u00e9ho ml\u00fdna. Nov\u011b ztv\u00e1rn\u011bn\u00e1 \u010d\u00e1st prav\u011bk\u00e9 expozice je v\u011bnov\u00e1na historii \u201eRetzsk\u00e9ho mo\u0159e\u201c (a\u017e po sou\u010dasnost), z jeho\u017e okol\u00ed se poch\u00e1z\u00ed v\u011bt\u0161ina expon\u00e1t\u016f.<\/p>\n\n\n\n<h2 class=\"wp-block-heading\"><strong>Jihomoravsk\u00e1 galerie<\/strong><\/h2>\n\n\n\n<p>V prvn\u00edm pat\u0159e budovy m\u011b\u0161\u0165ansk\u00e9ho \u0161pit\u00e1lu se nach\u00e1z\u00ed sb\u00edrky Jihomoravsk\u00e9 galerie. Jej\u00ed zakladatel, Dr. Hellmut Bornemann, b\u011bhem sv\u00e9 celo\u017eivotn\u00ed sb\u011bratelsk\u00e9 \u010dinnosti shrom\u00e1\u017edil rozs\u00e1hlou kolekci d\u011bl um\u011blc\u016f a motiv\u016f ji\u017en\u00ed Moravy, kter\u00e1 byla um\u00edst\u011bna do tohoto nov\u011b zrekontruovan\u00e9ho prostoru v roce 2004.<\/p>\n\n\n\n<p>Mno\u017estv\u00ed obraz\u016f a grafik ukazuje region a jeho obyvatele v pr\u016fb\u011bhu minul\u00fdch stolet\u00ed a\u017e do prvn\u00ed poloviny 20.stol. Sb\u00edrka zahrnuje olejomalby, akvarely, lepty, kresby a plastiky, historick\u00e9 mapy a dokumenty a n\u00e1v\u0161t\u011bvn\u00edkovi nab\u00edz\u00ed vhled do tehdej\u0161\u00ed geopolitick\u00e9 situace na jihu Moravy. Za kl\u00ed\u010dov\u00e1 lze ozna\u010dit d\u00edla Antona Brudera, Hugo Lederera, Alexandra Pocka, Othmara Ruzicky, Maxe Scherera, Rudolfa Zimy a dal\u0161\u00edch um\u011blc\u016f.<\/p>\n\n\n\n<p>V m\u00edstech, kde se v minulosti nach\u00e1zela pracovna m\u011bstsk\u00e9ho p\u00edsa\u0159e, je dnes k vid\u011bn\u00ed vitr\u00edna, kter\u00e1 p\u0159ipom\u00edn\u00e1 kronik\u00e1\u0159e Josefa C. Puntscherta. Busta v nad\u017eivotn\u00ed velikosti zobrazuje spisovatele Charlese Sealsfielda, vlastn\u00edm jm\u00e9nem Karla Postla, poch\u00e1zej\u00edc\u00edho z Popic.<\/p>\n\n\n\n<h2 class=\"wp-block-heading\"><strong>T\u00e9matick\u00e9 v\u00fdstavy<\/strong><\/h2>\n\n\n\n<p><strong>Znojemsk\u00fd olt\u00e1\u0159<\/strong><\/p>\n\n\n\n<p>V s\u00e1le ur\u010den\u00e9m pro t\u00e9matick\u00e9 v\u00fdstavy je a\u017e do 26. \u0159\u00edjna 2014 k vid\u011bn\u00ed fotoreprodukce tzv. Znojemsk\u00e9ho olt\u00e1\u0159e, kter\u00fd poch\u00e1z\u00ed z 15. stolet\u00ed a v roce 1825 byl znojemskou radou darov\u00e1n c\u00edsa\u0159i. Origin\u00e1l znojemsk\u00e9ho olt\u00e1\u0159e je k vid\u011bn\u00ed v Galerii Belvedere ve V\u00eddni.<\/p>\n\n\n\n<p>Velikonoce 2013 a\u017e 26. \u0159\u00edjen 2014, v\u00fdstavn\u00ed prostory Jihomoravsk\u00e9 galerie<\/p>\n\n\n\n<p><strong>Mal\u00ed\u0159 Alexander Pock<\/strong><\/p>\n\n\n\n<p>Znojemsk\u00fd&nbsp; mal\u00ed\u0159 a absolvent um\u011bleck\u00e9 \u0161koly Wiener Kunstakademie, Alexander Pock (1871-1950), pat\u0159il k nejzn\u00e1m\u011bj\u0161\u00edm a nejobdivovan\u011bj\u0161\u00edm mal\u00ed\u0159\u016fm kon\u00ed a arm\u00e1dy cel\u00e9 rakousko-uhersk\u00e9 monarchie. V pr\u016fb\u011bhu prvn\u00ed sv\u011btov\u00e9 v\u00e1lky p\u016fsobil jako mal\u00ed\u0159 v\u00e1le\u010dn\u00fdch sc\u00e9n v c. k. v\u00e1le\u010dn\u00e9m tiskov\u00e9m odd\u011blen\u00ed.<\/p>\n\n\n\n<p>5. duben a\u017e 26. \u0159\u00edjen, Jihomoravsk\u00e1 galerie<\/p>\n\n\n\n<p><strong>27 oblastn\u00edch jednotek hasi\u010d\u016f v okrese Hollabrunn<\/strong><\/p>\n\n\n\n<p>U p\u0159\u00edle\u017eitosti &#8222;Landesfeuerwehrbewerbe&#8220; v Retzu p\u0159isp\u00edv\u00e1 27 oblastn\u00edch jednotek&nbsp; hasi\u010d\u016f v okrese Hollabrunn k v\u00fdstav\u011b o sv\u00e9 vlastn\u00ed historii star\u00fdmi stroji, pam\u011btn\u00edmi fotografiemi a dobov\u00fdmi z\u00e1znamy.<\/p>\n\n\n\n<p>5. duben a\u017e 26. \u0159\u00edjen 2014, V\u00fdstavn\u00ed prostor pro mimo\u0159\u00e1dn\u00e9 v\u00fdstavy<\/p>\n\n\n\n<p><strong>Mo\u0159e v Retzu od prav\u011bku do dne\u0161n\u00edch dn\u016f (dopln\u011bn\u00ed st\u00e1l\u00e9 expozice)<\/strong><\/p>\n\n\n\n<p><strong>Prav\u011bk\u00e1 sb\u00edrka Retzu, sb\u011bratel\u00e9 v kontextu doby<\/strong><\/p>\n\n\n\n<p>Zaji\u0161t\u011bn\u00ed a v roce 2013 zah\u00e1jen\u00e1 inventarizace doposud nevystaven\u00fdch archiv\u00e1li\u00ed uk\u00e1zaly, \u017ee se ve m\u011bst\u011b Retz nach\u00e1z\u00ed velmi zaj\u00edmav\u00e9 expon\u00e1ty z obdob\u00ed prav\u011bku a st\u0159edov\u011bku. Tyto p\u0159edm\u011bty maj\u00ed slou\u017eit jako dopln\u011bn\u00ed st\u00e1l\u00fdch expozic. Jedn\u00e1 se o expon\u00e1ty nalezen\u00e9 v okol\u00ed m\u011bsta Retz datovan\u00e9 do obdob\u00ed neolitu, doby bronzov\u00e9 a \u017eelezn\u00e9 a p\u0159edm\u011bty z obdob\u00ed st\u0159edov\u011bku, \u010d\u00e1st z nich je za\u0159azena do um\u011blecko-historick\u00e9ho kontextu vzniku prvn\u00edch sb\u00edrek. Jako dopln\u011bn\u00ed t\u00e9to \u010d\u00e1sti expozice jsou pou\u017eity origin\u00e1ly grafik n\u00e1lez\u016f&nbsp; (ze sb\u00edrky Muzea Retz), dokumenty a fotografie z m\u011bstk\u00e9ho archivu a p\u0159\u00edrodov\u011bdn\u00e9 expon\u00e1ty.<\/p>\n\n\n\n<p>Od konce dubna 2014<\/p>\n\n\n\n<p><strong>R<\/strong><strong>etz v pr\u016fb\u011bhu prvn\u00ed sv\u011btov\u00e9 v\u00e1lky<\/strong><\/p>\n\n\n\n<p>Tato mal\u00e1 region\u00e1ln\u00ed v\u00fdstava je integrov\u00e1na do st\u00e1l\u00e9 expozice muzea v \u010d\u00e1sti v\u011bnovan\u00e9 m\u011b\u0161\u0165ansk\u00e9mu \u017eivotu v Retzu v 19.stolet\u00ed. Ve smyslu konce \u201edlouh\u00e9ho 19.stolet\u00ed\u201c skrze prvn\u00ed sv\u011btovou v\u00e1lku vytv\u00e1\u0159\u00ed tato v\u00fdstava ostr\u00fd kontrast dosavadn\u00edho ztv\u00e1rn\u011bn\u00ed m\u011b\u0161\u0165ansk\u00e9 idyly a odhaluje brzk\u00fd konec t\u00e9to epochy. T\u00e9mata t\u00e9to v\u00fdstavy se dot\u00fdkaj\u00ed n\u00e1sleduj\u00edc\u00edh oblast\u00ed: ozdravovny pro v\u00e1le\u010dn\u00e9 ran\u011bn\u00e9, problematika m\u00edstn\u00edho hospod\u00e1\u0159stv\u00ed v dob\u011b v\u00e1lky, vojensk\u00e1 byrokracie, sb\u00edrky pam\u011bt\u00ed a p\u0159edm\u011bt\u016f z poz\u016fstalost\u00ed. V\u00fdstavu tvo\u0159\u00ed p\u0159edm\u011bty vlastn\u00ed v\u00e1le\u010dn\u00e9 sb\u00edrky muzea a p\u0159edm\u011bty z M\u011bstsk\u00e9ho archivu Retz.<\/p>\n\n\n\n<p>28. \u010dervna&nbsp; a\u017e 26. \u0159\u00edjna 2014<\/p>\n<\/div>\n\n\n\n<div class=\"wp-block-column is-layout-flow wp-block-column-is-layout-flow\" style=\"flex-basis:33.33%\">\n<figure data-wp-context=\"{&quot;imageId&quot;:&quot;69df0ad4a87e8&quot;}\" data-wp-interactive=\"core\/image\" data-wp-key=\"69df0ad4a87e8\" class=\"wp-block-image size-large wp-lightbox-container\"><img decoding=\"async\" data-wp-class--hide=\"state.isContentHidden\" data-wp-class--show=\"state.isContentVisible\" data-wp-init=\"callbacks.setButtonStyles\" data-wp-on--click=\"actions.showLightbox\" data-wp-on--load=\"callbacks.setButtonStyles\" data-wp-on-window--resize=\"callbacks.setButtonStyles\" src=\"https:\/\/museumretz.at\/wp\/wp-content\/uploads\/2026\/01\/Loeschenkohl_HP-1024x789.jpg\" alt=\"\" class=\"wp-image-118\"\/><button\n\t\t\tclass=\"lightbox-trigger\"\n\t\t\ttype=\"button\"\n\t\t\taria-haspopup=\"dialog\"\n\t\t\taria-label=\"Zv\u011bt\u0161it\"\n\t\t\tdata-wp-init=\"callbacks.initTriggerButton\"\n\t\t\tdata-wp-on--click=\"actions.showLightbox\"\n\t\t\tdata-wp-style--right=\"state.imageButtonRight\"\n\t\t\tdata-wp-style--top=\"state.imageButtonTop\"\n\t\t>\n\t\t\t<svg xmlns=\"http:\/\/www.w3.org\/2000\/svg\" width=\"12\" height=\"12\" fill=\"none\" viewBox=\"0 0 12 12\">\n\t\t\t\t<path fill=\"#fff\" d=\"M2 0a2 2 0 0 0-2 2v2h1.5V2a.5.5 0 0 1 .5-.5h2V0H2Zm2 10.5H2a.5.5 0 0 1-.5-.5V8H0v2a2 2 0 0 0 2 2h2v-1.5ZM8 12v-1.5h2a.5.5 0 0 0 .5-.5V8H12v2a2 2 0 0 1-2 2H8Zm2-12a2 2 0 0 1 2 2v2h-1.5V2a.5.5 0 0 0-.5-.5H8V0h2Z\" \/>\n\t\t\t<\/svg>\n\t\t<\/button><figcaption class=\"wp-element-caption\">Karetn\u00ed hra od Hieronymuse L\u00f6schenkohla (kolem roku 1800)<\/figcaption><\/figure>\n\n\n\n<figure data-wp-context=\"{&quot;imageId&quot;:&quot;69df0ad4a921f&quot;}\" data-wp-interactive=\"core\/image\" data-wp-key=\"69df0ad4a921f\" class=\"wp-block-image size-large wp-lightbox-container\"><img decoding=\"async\" data-wp-class--hide=\"state.isContentHidden\" data-wp-class--show=\"state.isContentVisible\" data-wp-init=\"callbacks.setButtonStyles\" data-wp-on--click=\"actions.showLightbox\" data-wp-on--load=\"callbacks.setButtonStyles\" data-wp-on-window--resize=\"callbacks.setButtonStyles\" src=\"https:\/\/museumretz.at\/wp\/wp-content\/uploads\/2026\/01\/Liszt-Fluegel_HP-1024x724.jpg\" alt=\"\" class=\"wp-image-129\"\/><button\n\t\t\tclass=\"lightbox-trigger\"\n\t\t\ttype=\"button\"\n\t\t\taria-haspopup=\"dialog\"\n\t\t\taria-label=\"Zv\u011bt\u0161it\"\n\t\t\tdata-wp-init=\"callbacks.initTriggerButton\"\n\t\t\tdata-wp-on--click=\"actions.showLightbox\"\n\t\t\tdata-wp-style--right=\"state.imageButtonRight\"\n\t\t\tdata-wp-style--top=\"state.imageButtonTop\"\n\t\t>\n\t\t\t<svg xmlns=\"http:\/\/www.w3.org\/2000\/svg\" width=\"12\" height=\"12\" fill=\"none\" viewBox=\"0 0 12 12\">\n\t\t\t\t<path fill=\"#fff\" d=\"M2 0a2 2 0 0 0-2 2v2h1.5V2a.5.5 0 0 1 .5-.5h2V0H2Zm2 10.5H2a.5.5 0 0 1-.5-.5V8H0v2a2 2 0 0 0 2 2h2v-1.5ZM8 12v-1.5h2a.5.5 0 0 0 .5-.5V8H12v2a2 2 0 0 1-2 2H8Zm2-12a2 2 0 0 1 2 2v2h-1.5V2a.5.5 0 0 0-.5-.5H8V0h2Z\" \/>\n\t\t\t<\/svg>\n\t\t<\/button><figcaption class=\"wp-element-caption\">K\u0159\u00eddlo B\u00f6sendorfer Antonie Raabov\u00e9 (1846\u20131902), tzv. \u201eLisztovo k\u0159\u00eddlo\u201c<\/figcaption><\/figure>\n\n\n\n<figure data-wp-context=\"{&quot;imageId&quot;:&quot;69df0ad4a99d1&quot;}\" data-wp-interactive=\"core\/image\" data-wp-key=\"69df0ad4a99d1\" class=\"wp-block-image size-large wp-lightbox-container\"><img decoding=\"async\" data-wp-class--hide=\"state.isContentHidden\" data-wp-class--show=\"state.isContentVisible\" data-wp-init=\"callbacks.setButtonStyles\" data-wp-on--click=\"actions.showLightbox\" data-wp-on--load=\"callbacks.setButtonStyles\" data-wp-on-window--resize=\"callbacks.setButtonStyles\" src=\"https:\/\/museumretz.at\/wp\/wp-content\/uploads\/2026\/01\/Suedmaehrische-Galerie_HP-676x1024.jpg\" alt=\"\" class=\"wp-image-137\"\/><button\n\t\t\tclass=\"lightbox-trigger\"\n\t\t\ttype=\"button\"\n\t\t\taria-haspopup=\"dialog\"\n\t\t\taria-label=\"Zv\u011bt\u0161it\"\n\t\t\tdata-wp-init=\"callbacks.initTriggerButton\"\n\t\t\tdata-wp-on--click=\"actions.showLightbox\"\n\t\t\tdata-wp-style--right=\"state.imageButtonRight\"\n\t\t\tdata-wp-style--top=\"state.imageButtonTop\"\n\t\t>\n\t\t\t<svg xmlns=\"http:\/\/www.w3.org\/2000\/svg\" width=\"12\" height=\"12\" fill=\"none\" viewBox=\"0 0 12 12\">\n\t\t\t\t<path fill=\"#fff\" d=\"M2 0a2 2 0 0 0-2 2v2h1.5V2a.5.5 0 0 1 .5-.5h2V0H2Zm2 10.5H2a.5.5 0 0 1-.5-.5V8H0v2a2 2 0 0 0 2 2h2v-1.5ZM8 12v-1.5h2a.5.5 0 0 0 .5-.5V8H12v2a2 2 0 0 1-2 2H8Zm2-12a2 2 0 0 1 2 2v2h-1.5V2a.5.5 0 0 0-.5-.5H8V0h2Z\" \/>\n\t\t\t<\/svg>\n\t\t<\/button><figcaption class=\"wp-element-caption\">Pohled do Jiho moravsk\u00e9 galerie<\/figcaption><\/figure>\n\n\n\n<figure class=\"wp-block-image size-large\"><img decoding=\"async\" src=\"https:\/\/museumretz.at\/wp\/wp-content\/uploads\/2026\/01\/Ledersammlung_HP-1024x736.jpg\" alt=\"\" class=\"wp-image-139\"\/><figcaption class=\"wp-element-caption\">Prvn\u00ed sv\u011btov\u00e1 v\u00e1lka, \u0161kol\u00e1ci p\u0159i sb\u011bru k\u016f\u017ee, Burggasse v Retzu<\/figcaption><\/figure>\n\n\n\n<figure data-wp-context=\"{&quot;imageId&quot;:&quot;69df0ad4a9f46&quot;}\" data-wp-interactive=\"core\/image\" data-wp-key=\"69df0ad4a9f46\" class=\"wp-block-image size-large wp-lightbox-container\"><img decoding=\"async\" data-wp-class--hide=\"state.isContentHidden\" data-wp-class--show=\"state.isContentVisible\" data-wp-init=\"callbacks.setButtonStyles\" data-wp-on--click=\"actions.showLightbox\" data-wp-on--load=\"callbacks.setButtonStyles\" data-wp-on-window--resize=\"callbacks.setButtonStyles\" src=\"https:\/\/museumretz.at\/wp\/wp-content\/uploads\/2026\/01\/See_Urbar_HP-1024x683.jpg\" alt=\"\" class=\"wp-image-141\"\/><button\n\t\t\tclass=\"lightbox-trigger\"\n\t\t\ttype=\"button\"\n\t\t\taria-haspopup=\"dialog\"\n\t\t\taria-label=\"Zv\u011bt\u0161it\"\n\t\t\tdata-wp-init=\"callbacks.initTriggerButton\"\n\t\t\tdata-wp-on--click=\"actions.showLightbox\"\n\t\t\tdata-wp-style--right=\"state.imageButtonRight\"\n\t\t\tdata-wp-style--top=\"state.imageButtonTop\"\n\t\t>\n\t\t\t<svg xmlns=\"http:\/\/www.w3.org\/2000\/svg\" width=\"12\" height=\"12\" fill=\"none\" viewBox=\"0 0 12 12\">\n\t\t\t\t<path fill=\"#fff\" d=\"M2 0a2 2 0 0 0-2 2v2h1.5V2a.5.5 0 0 1 .5-.5h2V0H2Zm2 10.5H2a.5.5 0 0 1-.5-.5V8H0v2a2 2 0 0 0 2 2h2v-1.5ZM8 12v-1.5h2a.5.5 0 0 0 .5-.5V8H12v2a2 2 0 0 1-2 2H8Zm2-12a2 2 0 0 1 2 2v2h-1.5V2a.5.5 0 0 0-.5-.5H8V0h2Z\" \/>\n\t\t\t<\/svg>\n\t\t<\/button><figcaption class=\"wp-element-caption\">Jezero Retzer See, katastr\u00e1ln\u00ed mapa z roku 1730<\/figcaption><\/figure>\n\n\n\n<figure data-wp-context=\"{&quot;imageId&quot;:&quot;69df0ad4aa46e&quot;}\" data-wp-interactive=\"core\/image\" data-wp-key=\"69df0ad4aa46e\" class=\"wp-block-image size-full wp-lightbox-container\"><img decoding=\"async\" data-wp-class--hide=\"state.isContentHidden\" data-wp-class--show=\"state.isContentVisible\" data-wp-init=\"callbacks.setButtonStyles\" data-wp-on--click=\"actions.showLightbox\" data-wp-on--load=\"callbacks.setButtonStyles\" data-wp-on-window--resize=\"callbacks.setButtonStyles\" src=\"https:\/\/museumretz.at\/wp\/wp-content\/uploads\/2026\/01\/Frainer-Kaffeestunde.jpg\" alt=\"\" class=\"wp-image-145\"\/><button\n\t\t\tclass=\"lightbox-trigger\"\n\t\t\ttype=\"button\"\n\t\t\taria-haspopup=\"dialog\"\n\t\t\taria-label=\"Zv\u011bt\u0161it\"\n\t\t\tdata-wp-init=\"callbacks.initTriggerButton\"\n\t\t\tdata-wp-on--click=\"actions.showLightbox\"\n\t\t\tdata-wp-style--right=\"state.imageButtonRight\"\n\t\t\tdata-wp-style--top=\"state.imageButtonTop\"\n\t\t>\n\t\t\t<svg xmlns=\"http:\/\/www.w3.org\/2000\/svg\" width=\"12\" height=\"12\" fill=\"none\" viewBox=\"0 0 12 12\">\n\t\t\t\t<path fill=\"#fff\" d=\"M2 0a2 2 0 0 0-2 2v2h1.5V2a.5.5 0 0 1 .5-.5h2V0H2Zm2 10.5H2a.5.5 0 0 1-.5-.5V8H0v2a2 2 0 0 0 2 2h2v-1.5ZM8 12v-1.5h2a.5.5 0 0 0 .5-.5V8H12v2a2 2 0 0 1-2 2H8Zm2-12a2 2 0 0 1 2 2v2h-1.5V2a.5.5 0 0 0-.5-.5H8V0h2Z\" \/>\n\t\t\t<\/svg>\n\t\t<\/button><figcaption class=\"wp-element-caption\">prodlou\u017een\u00e1 speci\u00e1ln\u00ed v\u00fdstava 2019 (Jiho moravsk\u00e1 galerie): \u201eKeramika z Fraina\u201c<\/figcaption><\/figure>\n\n\n\n<figure data-wp-context=\"{&quot;imageId&quot;:&quot;69df0ad4aa8bf&quot;}\" data-wp-interactive=\"core\/image\" data-wp-key=\"69df0ad4aa8bf\" class=\"wp-block-image size-full wp-lightbox-container\"><img decoding=\"async\" data-wp-class--hide=\"state.isContentHidden\" data-wp-class--show=\"state.isContentVisible\" data-wp-init=\"callbacks.setButtonStyles\" data-wp-on--click=\"actions.showLightbox\" data-wp-on--load=\"callbacks.setButtonStyles\" data-wp-on-window--resize=\"callbacks.setButtonStyles\" src=\"https:\/\/museumretz.at\/wp\/wp-content\/uploads\/2026\/01\/Schloss-Voettau_skaliert_0.jpg\" alt=\"\" class=\"wp-image-147\"\/><button\n\t\t\tclass=\"lightbox-trigger\"\n\t\t\ttype=\"button\"\n\t\t\taria-haspopup=\"dialog\"\n\t\t\taria-label=\"Zv\u011bt\u0161it\"\n\t\t\tdata-wp-init=\"callbacks.initTriggerButton\"\n\t\t\tdata-wp-on--click=\"actions.showLightbox\"\n\t\t\tdata-wp-style--right=\"state.imageButtonRight\"\n\t\t\tdata-wp-style--top=\"state.imageButtonTop\"\n\t\t>\n\t\t\t<svg xmlns=\"http:\/\/www.w3.org\/2000\/svg\" width=\"12\" height=\"12\" fill=\"none\" viewBox=\"0 0 12 12\">\n\t\t\t\t<path fill=\"#fff\" d=\"M2 0a2 2 0 0 0-2 2v2h1.5V2a.5.5 0 0 1 .5-.5h2V0H2Zm2 10.5H2a.5.5 0 0 1-.5-.5V8H0v2a2 2 0 0 0 2 2h2v-1.5ZM8 12v-1.5h2a.5.5 0 0 0 .5-.5V8H12v2a2 2 0 0 1-2 2H8Zm2-12a2 2 0 0 1 2 2v2h-1.5V2a.5.5 0 0 0-.5-.5H8V0h2Z\" \/>\n\t\t\t<\/svg>\n\t\t<\/button><figcaption class=\"wp-element-caption\">Thomas Ender, pohled na z\u00e1mek V\u00f6ttau hrab\u011bte Dauna na Morav\u011b<\/figcaption><\/figure>\n\n\n\n<figure data-wp-context=\"{&quot;imageId&quot;:&quot;69df0ad4aacf3&quot;}\" data-wp-interactive=\"core\/image\" data-wp-key=\"69df0ad4aacf3\" class=\"wp-block-image size-large wp-lightbox-container\"><img decoding=\"async\" data-wp-class--hide=\"state.isContentHidden\" data-wp-class--show=\"state.isContentVisible\" data-wp-init=\"callbacks.setButtonStyles\" data-wp-on--click=\"actions.showLightbox\" data-wp-on--load=\"callbacks.setButtonStyles\" data-wp-on-window--resize=\"callbacks.setButtonStyles\" src=\"https:\/\/museumretz.at\/wp\/wp-content\/uploads\/2026\/01\/Pock_Dragoner_HP-896x1024.jpg\" alt=\"\" class=\"wp-image-149\"\/><button\n\t\t\tclass=\"lightbox-trigger\"\n\t\t\ttype=\"button\"\n\t\t\taria-haspopup=\"dialog\"\n\t\t\taria-label=\"Zv\u011bt\u0161it\"\n\t\t\tdata-wp-init=\"callbacks.initTriggerButton\"\n\t\t\tdata-wp-on--click=\"actions.showLightbox\"\n\t\t\tdata-wp-style--right=\"state.imageButtonRight\"\n\t\t\tdata-wp-style--top=\"state.imageButtonTop\"\n\t\t>\n\t\t\t<svg xmlns=\"http:\/\/www.w3.org\/2000\/svg\" width=\"12\" height=\"12\" fill=\"none\" viewBox=\"0 0 12 12\">\n\t\t\t\t<path fill=\"#fff\" d=\"M2 0a2 2 0 0 0-2 2v2h1.5V2a.5.5 0 0 1 .5-.5h2V0H2Zm2 10.5H2a.5.5 0 0 1-.5-.5V8H0v2a2 2 0 0 0 2 2h2v-1.5ZM8 12v-1.5h2a.5.5 0 0 0 .5-.5V8H12v2a2 2 0 0 1-2 2H8Zm2-12a2 2 0 0 1 2 2v2h-1.5V2a.5.5 0 0 0-.5-.5H8V0h2Z\" \/>\n\t\t\t<\/svg>\n\t\t<\/button><figcaption class=\"wp-element-caption\">Alexander Pock, Dragoner<\/figcaption><\/figure>\n\n\n\n<figure data-wp-context=\"{&quot;imageId&quot;:&quot;69df0ad4ab160&quot;}\" data-wp-interactive=\"core\/image\" data-wp-key=\"69df0ad4ab160\" class=\"wp-block-image size-full wp-lightbox-container\"><img decoding=\"async\" data-wp-class--hide=\"state.isContentHidden\" data-wp-class--show=\"state.isContentVisible\" data-wp-init=\"callbacks.setButtonStyles\" data-wp-on--click=\"actions.showLightbox\" data-wp-on--load=\"callbacks.setButtonStyles\" data-wp-on-window--resize=\"callbacks.setButtonStyles\" src=\"https:\/\/museumretz.at\/wp\/wp-content\/uploads\/2026\/01\/Znaimer-Altar3_HP.jpg\" alt=\"\" class=\"wp-image-151\"\/><button\n\t\t\tclass=\"lightbox-trigger\"\n\t\t\ttype=\"button\"\n\t\t\taria-haspopup=\"dialog\"\n\t\t\taria-label=\"Zv\u011bt\u0161it\"\n\t\t\tdata-wp-init=\"callbacks.initTriggerButton\"\n\t\t\tdata-wp-on--click=\"actions.showLightbox\"\n\t\t\tdata-wp-style--right=\"state.imageButtonRight\"\n\t\t\tdata-wp-style--top=\"state.imageButtonTop\"\n\t\t>\n\t\t\t<svg xmlns=\"http:\/\/www.w3.org\/2000\/svg\" width=\"12\" height=\"12\" fill=\"none\" viewBox=\"0 0 12 12\">\n\t\t\t\t<path fill=\"#fff\" d=\"M2 0a2 2 0 0 0-2 2v2h1.5V2a.5.5 0 0 1 .5-.5h2V0H2Zm2 10.5H2a.5.5 0 0 1-.5-.5V8H0v2a2 2 0 0 0 2 2h2v-1.5ZM8 12v-1.5h2a.5.5 0 0 0 .5-.5V8H12v2a2 2 0 0 1-2 2H8Zm2-12a2 2 0 0 1 2 2v2h-1.5V2a.5.5 0 0 0-.5-.5H8V0h2Z\" \/>\n\t\t\t<\/svg>\n\t\t<\/button><figcaption class=\"wp-element-caption\">Znaimsk\u00fd olt\u00e1\u0159, fotografick\u00e1 reprodukce, detail<\/figcaption><\/figure>\n<\/div>\n<\/div>\n","protected":false},"excerpt":{"rendered":"<p>M\u011bstsk\u00e9 sb\u00edrky V b\u00fdval\u00e9 budov\u011b \u0161pit\u00e1ln\u00edho kostela se nach\u00e1z\u00ed \u010d\u00e1st rozs\u00e1hl\u00e9 sb\u00edrky v\u011bnuj\u00edc\u00ed se m\u011b\u0161\u0165ansk\u00e9 kultu\u0159e Retzu v 19. stol. Vystaveny jsou hodinky, zlat\u00fd \u010depec, v\u011bj\u00ed\u0159e, \u010d\u00e1sti oble\u010den\u00ed, rukod\u011bln\u00e1 tvorba, n\u00e1dob\u00ed (mezi jin\u00fdmi produkce z Vranova nad Dyj\u00ed), sklo z obdob\u00ed biedermeieru, kolorovan\u00e9 hrac\u00ed karty od Jeron\u00fdma L\u00f6schenkohla z roku 1800, r\u016fzn\u00e9 pohledy na m\u011bsto [&hellip;]<\/p>\n","protected":false},"author":1,"featured_media":0,"parent":0,"menu_order":0,"comment_status":"closed","ping_status":"closed","template":"","meta":{"footnotes":""},"class_list":["post-36","page","type-page","status-publish","hentry"],"_links":{"self":[{"href":"https:\/\/museumretz.at\/cz\/wp-json\/wp\/v2\/pages\/36","targetHints":{"allow":["GET"]}}],"collection":[{"href":"https:\/\/museumretz.at\/cz\/wp-json\/wp\/v2\/pages"}],"about":[{"href":"https:\/\/museumretz.at\/cz\/wp-json\/wp\/v2\/types\/page"}],"author":[{"embeddable":true,"href":"https:\/\/museumretz.at\/cz\/wp-json\/wp\/v2\/users\/1"}],"replies":[{"embeddable":true,"href":"https:\/\/museumretz.at\/cz\/wp-json\/wp\/v2\/comments?post=36"}],"version-history":[{"count":1,"href":"https:\/\/museumretz.at\/cz\/wp-json\/wp\/v2\/pages\/36\/revisions"}],"predecessor-version":[{"id":37,"href":"https:\/\/museumretz.at\/cz\/wp-json\/wp\/v2\/pages\/36\/revisions\/37"}],"wp:attachment":[{"href":"https:\/\/museumretz.at\/cz\/wp-json\/wp\/v2\/media?parent=36"}],"curies":[{"name":"wp","href":"https:\/\/api.w.org\/{rel}","templated":true}]}}