{"id":34,"date":"2026-01-31T17:12:46","date_gmt":"2026-01-31T16:12:46","guid":{"rendered":"https:\/\/museumretz.at\/wp\/cz\/?page_id=34"},"modified":"2026-03-22T16:20:24","modified_gmt":"2026-03-22T15:20:24","slug":"informace-pro-navstevniky","status":"publish","type":"page","link":"https:\/\/museumretz.at\/cz\/informace-pro-navstevniky\/","title":{"rendered":"Informace pro n\u00e1v\u0161t\u011bvn\u00edky"},"content":{"rendered":"\n<h2 class=\"wp-block-heading\"><strong>Otev\u00edrac\u00ed doba<\/strong><\/h2>\n\n\n\n<ul class=\"wp-block-list\">\n<li>P\u00e1tek, sobota, ned\u011ble a sv\u00e1tky od 13:00 hodin do 17:00 hodin od B\u00edl\u00e9 soboty&nbsp;do 26. \u0159\u00edjna&nbsp;(st\u00e1tn\u00ed sv\u00e1tek)<\/li>\n\n\n\n<li><strong>Zimn\u00ed p\u0159est\u00e1vka<\/strong>&nbsp;od 27. \u0159\u00edjna do Velk\u00e9ho p\u00e1tku<\/li>\n\n\n\n<li>N\u00e1v\u0161t\u011bvy mimo otev\u00edrac\u00ed dobu a skupinov\u00e9 n\u00e1v\u0161t\u011bvy jsou obecn\u011b mo\u017en\u00e9 po p\u0159edchoz\u00ed registraci na\u00a0<a href=\"mailto:museum-retz@aon.at?_x_tr_sl=auto&amp;_x_tr_tl=de&amp;_x_tr_hl=de&amp;_x_tr_pto=wapp\">museum-retz@aon.at<\/a>\u00a0nebo v turistick\u00e9 kancel\u00e1\u0159i Retzer Land (+43 2942 2700). Upozor\u0148ujeme, \u017ee registrace vy\u017eaduje ur\u010ditou dobu, proto\u017ee muzeum provozuje dobrovolnick\u00e9 sdru\u017een\u00ed.<\/li>\n<\/ul>\n\n\n\n<h2 class=\"wp-block-heading\">Ceny vstupn\u00e9ho<\/h2>\n\n\n\n<h3 class=\"wp-block-heading\"><strong>Individu\u00e1ln\u00ed tarify<\/strong><\/h3>\n\n\n\n<ul class=\"wp-block-list\">\n<li><strong>\u20ac 5,00:<\/strong>&nbsp;b\u011b\u017en\u00e1 sazba pro dosp\u011bl\u00e9<\/li>\n\n\n\n<li><strong>\u20ac 4,00:<\/strong>&nbsp;sn\u00ed\u017een\u00e1 sazba (senio\u0159i, osoby se zdravotn\u00edm posti\u017een\u00edm, vojen\u0161t\u00ed a st\u00e1tn\u00ed zam\u011bstnanci, studenti, p\u0159edem registrovan\u00e9 skupiny bez pr\u016fvodce)<\/li>\n\n\n\n<li><strong>\u20ac 3,00:<\/strong>&nbsp;Ml\u00e1de\u017e (14\u201318 let)<\/li>\n\n\n\n<li><strong>Vstup zdarma:<\/strong>&nbsp;d\u011bti (do 14 let), \u010dlenov\u00e9 Spolku p\u0159\u00e1tel, N\u00d6-Card (Dolnorakouskou kartou<strong>)<\/strong>, \u010dlenov\u00e9 Rakousk\u00e9ho muzejn\u00edho spolku (M\u00d6-Card)<\/li>\n<\/ul>\n\n\n\n<h3 class=\"wp-block-heading\"><strong>Kulturn\u00ed vzd\u011bl\u00e1v\u00e1n\u00ed (prohl\u00eddky s pr\u016fvodcem na vy\u017e\u00e1d\u00e1n\u00ed)<\/strong><\/h3>\n\n\n\n<ul class=\"wp-block-list\">\n<li><strong>\u20ac 3,00:<\/strong>&nbsp;nav\u00edc ke vstupn\u00e9mu na osobu<\/li>\n\n\n\n<li><strong>bez p\u0159\u00edplatku:<\/strong>&nbsp;&nbsp;d\u011bti a ml\u00e1de\u017e<\/li>\n\n\n\n<li>Vy\u017e\u00e1d\u00e1na v\u010dasn\u00e1 \u017e\u00e1dost na&nbsp;<a href=\"mailto:museum-retz@aon.at\">museum-retz@aon.at<\/a><\/li>\n<\/ul>\n\n\n\n<h3 class=\"wp-block-heading\"><strong>Vstup zdarma s Dolnorakouskou kartou (N\u00d6-Card)<\/strong><\/h3>\n\n\n\n<figure class=\"wp-block-image size-large is-resized\"><a href=\"https:\/\/niederoesterreich-card.at\/\"><img loading=\"lazy\" decoding=\"async\" width=\"1024\" height=\"646\" src=\"https:\/\/museumretz.at\/cz\/wp-content\/uploads\/sites\/3\/2026\/02\/CARD-NL_2021_ERW_M-1024x646.png\" alt=\"\" class=\"wp-image-83\" style=\"aspect-ratio:1.5856237042227248;width:302px;height:auto\" srcset=\"https:\/\/museumretz.at\/cz\/wp-content\/uploads\/sites\/3\/2026\/02\/CARD-NL_2021_ERW_M-1024x646.png 1024w, https:\/\/museumretz.at\/cz\/wp-content\/uploads\/sites\/3\/2026\/02\/CARD-NL_2021_ERW_M-300x189.png 300w, https:\/\/museumretz.at\/cz\/wp-content\/uploads\/sites\/3\/2026\/02\/CARD-NL_2021_ERW_M-768x484.png 768w, https:\/\/museumretz.at\/cz\/wp-content\/uploads\/sites\/3\/2026\/02\/CARD-NL_2021_ERW_M.png 1500w\" sizes=\"auto, (max-width: 1024px) 100vw, 1024px\" \/><\/a><\/figure>\n\n\n\n<h3 class=\"wp-block-heading\">Adresa:<\/h3>\n\n\n\n<p>Muzeum Retz<br>Znaimerstra\u00dfe 7<br>2070 Retz<br><a href=\"https:\/\/museumretz.at\/cz\/plan-cesty\/\" data-type=\"page\" data-id=\"49\">Pl\u00e1n cesty<\/a><\/p>\n\n\n\n<p><strong>Pozn\u00e1mka:<\/strong>&nbsp;Dostanete se k n\u00e1m tak\u00e9 ve\u0159ejn\u00fdm vlakem z V\u00eddn\u011b sm\u011brem na Retz \/ Znojmo. Napl\u00e1nujte si pros\u00edm 10minutovou proch\u00e1zku z vlakov\u00e9ho n\u00e1dra\u017e\u00ed Retz do na\u0161eho muzea.<\/p>\n\n\n\n<h3 class=\"wp-block-heading\">Kontakt:<\/h3>\n\n\n\n<p>+43 2942 20242 (Muzeum v otev\u00edrac\u00ed dob\u011b nebo z\u00e1znamn\u00edk)<br>+43 664 972 42 20 (p\u0159edseda Muzejn\u00edho spolku Wolfgang Hofbauer)<br>+43 2942 2700 (Turistick\u00e1 kancel\u00e1\u0159i Retzer Land)<br>+43 2942 2223 10 (Obec Retz)<\/p>\n\n\n\n<p><a href=\"mailto:museum-retz@aon.at?_x_tr_sl=auto&amp;_x_tr_tl=de&amp;_x_tr_hl=de&amp;_x_tr_pto=wapp\">museum-retz@aon.at<\/a><\/p>\n\n\n\n<p><a href=\"http:\/\/www.facebook.com\/museumretz\" data-type=\"link\" data-id=\"www.facebook.com\/museumretz\">www.facebook.com\/museumretz<\/a><\/p>\n\n\n\n<h3 class=\"wp-block-heading\">Sm\u00ed\u0161en\u00fd:<\/h3>\n\n\n\n<p>Fotografov\u00e1n\u00ed v muzeu bez blesku a bez stativu je povoleno v\u00fdhradn\u011b pro nekomer\u010dn\u00ed \u00fa\u010dely.<\/p>\n\n\n\n<p>Na\u0161e prostory bohu\u017eel nejsou bezbari\u00e9rov\u00e9; mezi m\u00edstnostmi je p\u00e1r schod\u016f.<\/p>\n","protected":false},"excerpt":{"rendered":"<p>Otev\u00edrac\u00ed doba Ceny vstupn\u00e9ho Individu\u00e1ln\u00ed tarify Kulturn\u00ed vzd\u011bl\u00e1v\u00e1n\u00ed (prohl\u00eddky s pr\u016fvodcem na vy\u017e\u00e1d\u00e1n\u00ed) Vstup zdarma s Dolnorakouskou kartou (N\u00d6-Card) Adresa: Muzeum RetzZnaimerstra\u00dfe 72070 RetzPl\u00e1n cesty Pozn\u00e1mka:&nbsp;Dostanete se k n\u00e1m tak\u00e9 ve\u0159ejn\u00fdm vlakem z V\u00eddn\u011b sm\u011brem na Retz \/ Znojmo. Napl\u00e1nujte si pros\u00edm 10minutovou proch\u00e1zku z vlakov\u00e9ho n\u00e1dra\u017e\u00ed Retz do na\u0161eho muzea. Kontakt: +43 2942 20242 [&hellip;]<\/p>\n","protected":false},"author":1,"featured_media":0,"parent":0,"menu_order":0,"comment_status":"closed","ping_status":"closed","template":"","meta":{"footnotes":""},"class_list":["post-34","page","type-page","status-publish","hentry"],"_links":{"self":[{"href":"https:\/\/museumretz.at\/cz\/wp-json\/wp\/v2\/pages\/34","targetHints":{"allow":["GET"]}}],"collection":[{"href":"https:\/\/museumretz.at\/cz\/wp-json\/wp\/v2\/pages"}],"about":[{"href":"https:\/\/museumretz.at\/cz\/wp-json\/wp\/v2\/types\/page"}],"author":[{"embeddable":true,"href":"https:\/\/museumretz.at\/cz\/wp-json\/wp\/v2\/users\/1"}],"replies":[{"embeddable":true,"href":"https:\/\/museumretz.at\/cz\/wp-json\/wp\/v2\/comments?post=34"}],"version-history":[{"count":10,"href":"https:\/\/museumretz.at\/cz\/wp-json\/wp\/v2\/pages\/34\/revisions"}],"predecessor-version":[{"id":139,"href":"https:\/\/museumretz.at\/cz\/wp-json\/wp\/v2\/pages\/34\/revisions\/139"}],"wp:attachment":[{"href":"https:\/\/museumretz.at\/cz\/wp-json\/wp\/v2\/media?parent=34"}],"curies":[{"name":"wp","href":"https:\/\/api.w.org\/{rel}","templated":true}]}}