{"id":10,"date":"2026-01-12T21:41:30","date_gmt":"2026-01-12T20:41:30","guid":{"rendered":"https:\/\/museumretz.at\/wp\/cz\/?page_id=10"},"modified":"2026-02-03T12:56:15","modified_gmt":"2026-02-03T11:56:15","slug":"home","status":"publish","type":"page","link":"https:\/\/museumretz.at\/cz\/","title":{"rendered":"Muzeum Retz"},"content":{"rendered":"\n<div class=\"wp-block-columns is-layout-flex wp-container-core-columns-is-layout-28f84493 wp-block-columns-is-layout-flex\">\n<div class=\"wp-block-column is-layout-flow wp-block-column-is-layout-flow\" style=\"flex-basis:66.66%\">\n<p>V\u00edtejte na str\u00e1nk\u00e1ch Muzea Retz, kter\u00e9 se nach\u00e1z\u00ed v budov\u011b b\u00fdval\u00e9ho m\u011b\u0161\u0165ansk\u00e9ho \u0161pit\u00e1lu, a vedle radnice, radni\u010dn\u00ed v\u011b\u017ee, v\u011btrn\u00e9ho ml\u00fdna a dal\u0161\u00edch v\u00fdstavn\u00edch prostor p\u0159edstavuje srdce sb\u00edrek m\u011bsta Retz.<\/p>\n\n\n\n<p>Sb\u00edrky muzea zahrnuj\u00ed um\u011blecko-historick\u00e9 archiv\u00e1lie m\u011bsta Retz, vlastiv\u011bdnou sb\u00edrku, prehistorickou sb\u00edrku a sb\u00edrky um\u011bleck\u00fdch d\u011bl Jihomoravsk\u00e9 galerie.<\/p>\n\n\n\n<p>V\u0161echny expon\u00e1ty krom\u011b sb\u00edrek Jihomoravsk\u00e9 galerie jsou v majetku m\u011bsta Retz. Muzeum Retz je od renovace b\u00fdval\u00e9ho m\u011b\u0161\u0165ansk\u00e9ho \u0161pit\u00e1lu&nbsp; a obnoven\u00ed st\u00e1l\u00fdch expozic v roce 2004 spravov\u00e1no Spolkem pro podporu muzea (Muzejn\u00ed spolek).<\/p>\n<\/div>\n\n\n\n<div class=\"wp-block-column is-layout-flow wp-block-column-is-layout-flow\" style=\"flex-basis:33.33%\">\n<figure data-wp-context=\"{&quot;imageId&quot;:&quot;6a04570c19e16&quot;}\" data-wp-interactive=\"core\/image\" data-wp-key=\"6a04570c19e16\" class=\"wp-block-image size-large wp-lightbox-container\"><img decoding=\"async\" data-wp-class--hide=\"state.isContentHidden\" data-wp-class--show=\"state.isContentVisible\" data-wp-init=\"callbacks.setButtonStyles\" data-wp-on--click=\"actions.showLightbox\" data-wp-on--load=\"callbacks.setButtonStyles\" data-wp-on-window--resize=\"callbacks.setButtonStyles\" src=\"https:\/\/museumretz.at\/wp-content\/uploads\/2026\/01\/Buergerspital_HP_red-1.jpg\" alt=\"\"\/><button\n\t\t\tclass=\"lightbox-trigger\"\n\t\t\ttype=\"button\"\n\t\t\taria-haspopup=\"dialog\"\n\t\t\taria-label=\"Zv\u011bt\u0161it\"\n\t\t\tdata-wp-init=\"callbacks.initTriggerButton\"\n\t\t\tdata-wp-on--click=\"actions.showLightbox\"\n\t\t\tdata-wp-style--right=\"state.imageButtonRight\"\n\t\t\tdata-wp-style--top=\"state.imageButtonTop\"\n\t\t>\n\t\t\t<svg xmlns=\"http:\/\/www.w3.org\/2000\/svg\" width=\"12\" height=\"12\" fill=\"none\" viewBox=\"0 0 12 12\">\n\t\t\t\t<path fill=\"#fff\" d=\"M2 0a2 2 0 0 0-2 2v2h1.5V2a.5.5 0 0 1 .5-.5h2V0H2Zm2 10.5H2a.5.5 0 0 1-.5-.5V8H0v2a2 2 0 0 0 2 2h2v-1.5ZM8 12v-1.5h2a.5.5 0 0 0 .5-.5V8H12v2a2 2 0 0 1-2 2H8Zm2-12a2 2 0 0 1 2 2v2h-1.5V2a.5.5 0 0 0-.5-.5H8V0h2Z\" \/>\n\t\t\t<\/svg>\n\t\t<\/button><\/figure>\n\n\n\n<figure data-wp-context=\"{&quot;imageId&quot;:&quot;6a04570c1a1f4&quot;}\" data-wp-interactive=\"core\/image\" data-wp-key=\"6a04570c1a1f4\" class=\"wp-block-image size-large wp-lightbox-container\"><img decoding=\"async\" data-wp-class--hide=\"state.isContentHidden\" data-wp-class--show=\"state.isContentVisible\" data-wp-init=\"callbacks.setButtonStyles\" data-wp-on--click=\"actions.showLightbox\" data-wp-on--load=\"callbacks.setButtonStyles\" data-wp-on-window--resize=\"callbacks.setButtonStyles\" src=\"https:\/\/museumretz.at\/wp-content\/uploads\/2026\/01\/Weinrebe_HP_red.jpg\" alt=\"\"\/><button\n\t\t\tclass=\"lightbox-trigger\"\n\t\t\ttype=\"button\"\n\t\t\taria-haspopup=\"dialog\"\n\t\t\taria-label=\"Zv\u011bt\u0161it\"\n\t\t\tdata-wp-init=\"callbacks.initTriggerButton\"\n\t\t\tdata-wp-on--click=\"actions.showLightbox\"\n\t\t\tdata-wp-style--right=\"state.imageButtonRight\"\n\t\t\tdata-wp-style--top=\"state.imageButtonTop\"\n\t\t>\n\t\t\t<svg xmlns=\"http:\/\/www.w3.org\/2000\/svg\" width=\"12\" height=\"12\" fill=\"none\" viewBox=\"0 0 12 12\">\n\t\t\t\t<path fill=\"#fff\" d=\"M2 0a2 2 0 0 0-2 2v2h1.5V2a.5.5 0 0 1 .5-.5h2V0H2Zm2 10.5H2a.5.5 0 0 1-.5-.5V8H0v2a2 2 0 0 0 2 2h2v-1.5ZM8 12v-1.5h2a.5.5 0 0 0 .5-.5V8H12v2a2 2 0 0 1-2 2H8Zm2-12a2 2 0 0 1 2 2v2h-1.5V2a.5.5 0 0 0-.5-.5H8V0h2Z\" \/>\n\t\t\t<\/svg>\n\t\t<\/button><figcaption class=\"wp-element-caption\">Na n\u00e1dvo\u0159\u00ed muzea rostou na ji\u017en\u00ed st\u011bn\u011b nejstar\u0161\u00ed vinn\u00e9 r\u00e9vy z Weinviertelu, vysazen\u00e9 v roce 1856.<\/figcaption><\/figure>\n\n\n\n<figure data-wp-context=\"{&quot;imageId&quot;:&quot;6a04570c1a531&quot;}\" data-wp-interactive=\"core\/image\" data-wp-key=\"6a04570c1a531\" class=\"wp-block-image size-large wp-lightbox-container\"><img decoding=\"async\" data-wp-class--hide=\"state.isContentHidden\" data-wp-class--show=\"state.isContentVisible\" data-wp-init=\"callbacks.setButtonStyles\" data-wp-on--click=\"actions.showLightbox\" data-wp-on--load=\"callbacks.setButtonStyles\" data-wp-on-window--resize=\"callbacks.setButtonStyles\" src=\"https:\/\/museumretz.at\/en\/wp-content\/uploads\/sites\/2\/2026\/02\/Kreisregierung.jpg\" alt=\"\"\/><button\n\t\t\tclass=\"lightbox-trigger\"\n\t\t\ttype=\"button\"\n\t\t\taria-haspopup=\"dialog\"\n\t\t\taria-label=\"Zv\u011bt\u0161it\"\n\t\t\tdata-wp-init=\"callbacks.initTriggerButton\"\n\t\t\tdata-wp-on--click=\"actions.showLightbox\"\n\t\t\tdata-wp-style--right=\"state.imageButtonRight\"\n\t\t\tdata-wp-style--top=\"state.imageButtonTop\"\n\t\t>\n\t\t\t<svg xmlns=\"http:\/\/www.w3.org\/2000\/svg\" width=\"12\" height=\"12\" fill=\"none\" viewBox=\"0 0 12 12\">\n\t\t\t\t<path fill=\"#fff\" d=\"M2 0a2 2 0 0 0-2 2v2h1.5V2a.5.5 0 0 1 .5-.5h2V0H2Zm2 10.5H2a.5.5 0 0 1-.5-.5V8H0v2a2 2 0 0 0 2 2h2v-1.5ZM8 12v-1.5h2a.5.5 0 0 0 .5-.5V8H12v2a2 2 0 0 1-2 2H8Zm2-12a2 2 0 0 1 2 2v2h-1.5V2a.5.5 0 0 0-.5-.5H8V0h2Z\" \/>\n\t\t\t<\/svg>\n\t\t<\/button><figcaption class=\"wp-element-caption\">roz\u0161\u00ed\u0159en\u00e1 speci\u00e1ln\u00ed v\u00fdstava 2020: \u201eZlomov\u00e9 ud\u00e1losti v letech 1918\/19 v regionu kolem Retzu\u201c<\/figcaption><\/figure>\n\n\n\n<figure data-wp-context=\"{&quot;imageId&quot;:&quot;6a04570c1a886&quot;}\" data-wp-interactive=\"core\/image\" data-wp-key=\"6a04570c1a886\" class=\"wp-block-image size-large wp-lightbox-container\"><img decoding=\"async\" data-wp-class--hide=\"state.isContentHidden\" data-wp-class--show=\"state.isContentVisible\" data-wp-init=\"callbacks.setButtonStyles\" data-wp-on--click=\"actions.showLightbox\" data-wp-on--load=\"callbacks.setButtonStyles\" data-wp-on-window--resize=\"callbacks.setButtonStyles\" src=\"https:\/\/museumretz.at\/en\/wp-content\/uploads\/sites\/2\/2026\/02\/Frainer-Kaffeestunde.jpg\" alt=\"\"\/><button\n\t\t\tclass=\"lightbox-trigger\"\n\t\t\ttype=\"button\"\n\t\t\taria-haspopup=\"dialog\"\n\t\t\taria-label=\"Zv\u011bt\u0161it\"\n\t\t\tdata-wp-init=\"callbacks.initTriggerButton\"\n\t\t\tdata-wp-on--click=\"actions.showLightbox\"\n\t\t\tdata-wp-style--right=\"state.imageButtonRight\"\n\t\t\tdata-wp-style--top=\"state.imageButtonTop\"\n\t\t>\n\t\t\t<svg xmlns=\"http:\/\/www.w3.org\/2000\/svg\" width=\"12\" height=\"12\" fill=\"none\" viewBox=\"0 0 12 12\">\n\t\t\t\t<path fill=\"#fff\" d=\"M2 0a2 2 0 0 0-2 2v2h1.5V2a.5.5 0 0 1 .5-.5h2V0H2Zm2 10.5H2a.5.5 0 0 1-.5-.5V8H0v2a2 2 0 0 0 2 2h2v-1.5ZM8 12v-1.5h2a.5.5 0 0 0 .5-.5V8H12v2a2 2 0 0 1-2 2H8Zm2-12a2 2 0 0 1 2 2v2h-1.5V2a.5.5 0 0 0-.5-.5H8V0h2Z\" \/>\n\t\t\t<\/svg>\n\t\t<\/button><figcaption class=\"wp-element-caption\">prodlou\u017een\u00e1 speci\u00e1ln\u00ed v\u00fdstava 2020 (Jiho\u010desk\u00e1 galerie): \u201eFrainer Keramik\u201c<\/figcaption><\/figure>\n<\/div>\n<\/div>\n","protected":false},"excerpt":{"rendered":"<p>V\u00edtejte na str\u00e1nk\u00e1ch Muzea Retz, kter\u00e9 se nach\u00e1z\u00ed v budov\u011b b\u00fdval\u00e9ho m\u011b\u0161\u0165ansk\u00e9ho \u0161pit\u00e1lu, a vedle radnice, radni\u010dn\u00ed v\u011b\u017ee, v\u011btrn\u00e9ho ml\u00fdna a dal\u0161\u00edch v\u00fdstavn\u00edch prostor p\u0159edstavuje srdce sb\u00edrek m\u011bsta Retz. Sb\u00edrky muzea zahrnuj\u00ed um\u011blecko-historick\u00e9 archiv\u00e1lie m\u011bsta Retz, vlastiv\u011bdnou sb\u00edrku, prehistorickou sb\u00edrku a sb\u00edrky um\u011bleck\u00fdch d\u011bl Jihomoravsk\u00e9 galerie. V\u0161echny expon\u00e1ty krom\u011b sb\u00edrek Jihomoravsk\u00e9 galerie jsou v majetku [&hellip;]<\/p>\n","protected":false},"author":1,"featured_media":0,"parent":0,"menu_order":0,"comment_status":"closed","ping_status":"closed","template":"","meta":{"footnotes":""},"class_list":["post-10","page","type-page","status-publish","hentry"],"_links":{"self":[{"href":"https:\/\/museumretz.at\/cz\/wp-json\/wp\/v2\/pages\/10","targetHints":{"allow":["GET"]}}],"collection":[{"href":"https:\/\/museumretz.at\/cz\/wp-json\/wp\/v2\/pages"}],"about":[{"href":"https:\/\/museumretz.at\/cz\/wp-json\/wp\/v2\/types\/page"}],"author":[{"embeddable":true,"href":"https:\/\/museumretz.at\/cz\/wp-json\/wp\/v2\/users\/1"}],"replies":[{"embeddable":true,"href":"https:\/\/museumretz.at\/cz\/wp-json\/wp\/v2\/comments?post=10"}],"version-history":[{"count":4,"href":"https:\/\/museumretz.at\/cz\/wp-json\/wp\/v2\/pages\/10\/revisions"}],"predecessor-version":[{"id":89,"href":"https:\/\/museumretz.at\/cz\/wp-json\/wp\/v2\/pages\/10\/revisions\/89"}],"wp:attachment":[{"href":"https:\/\/museumretz.at\/cz\/wp-json\/wp\/v2\/media?parent=10"}],"curies":[{"name":"wp","href":"https:\/\/api.w.org\/{rel}","templated":true}]}}